{"id":11144,"date":"2023-01-23T15:09:14","date_gmt":"2023-01-23T14:09:14","guid":{"rendered":"https:\/\/www.ondrejhalama.sk\/poradenstvi\/"},"modified":"2025-02-10T20:21:19","modified_gmt":"2025-02-10T19:21:19","slug":"poradenstvi","status":"publish","type":"page","link":"https:\/\/www.ondrejhalama.sk\/cs\/poradenstvi\/","title":{"rendered":"Poradenstv\u00ed"},"content":{"rendered":"\t\t<div data-elementor-type=\"wp-page\" data-elementor-id=\"11144\" class=\"elementor elementor-11144 elementor-8390\" data-elementor-post-type=\"page\">\n\t\t\t\t\t\t<section class=\"elementor-section elementor-top-section elementor-element elementor-element-47687981 elementor-section-boxed elementor-section-height-default elementor-section-height-default\" data-id=\"47687981\" data-element_type=\"section\" data-e-type=\"section\">\n\t\t\t\t\t\t<div class=\"elementor-container elementor-column-gap-default\">\n\t\t\t\t\t<div class=\"elementor-column elementor-col-100 elementor-top-column elementor-element elementor-element-551f2ffb\" data-id=\"551f2ffb\" data-element_type=\"column\" data-e-type=\"column\">\n\t\t\t<div class=\"elementor-widget-wrap elementor-element-populated\">\n\t\t\t\t\t\t<div class=\"elementor-element elementor-element-5024615 elementor-widget elementor-widget-heading\" data-id=\"5024615\" data-element_type=\"widget\" data-e-type=\"widget\" data-widget_type=\"heading.default\">\n\t\t\t\t<div class=\"elementor-widget-container\">\n\t\t\t\t\t<h1 class=\"elementor-heading-title elementor-size-default\">Poradenstv\u00ed - kontaktn\u00ed formul\u00e1\u0159<\/h1>\t\t\t\t<\/div>\n\t\t\t\t<\/div>\n\t\t\t\t\t<\/div>\n\t\t<\/div>\n\t\t\t\t\t<\/div>\n\t\t<\/section>\n\t\t\t\t<section class=\"elementor-section elementor-top-section elementor-element elementor-element-27dfd9c elementor-section-boxed elementor-section-height-default elementor-section-height-default\" data-id=\"27dfd9c\" data-element_type=\"section\" data-e-type=\"section\">\n\t\t\t\t\t\t<div class=\"elementor-container elementor-column-gap-default\">\n\t\t\t\t\t<div class=\"elementor-column elementor-col-100 elementor-top-column elementor-element elementor-element-60b0b5c\" data-id=\"60b0b5c\" data-element_type=\"column\" data-e-type=\"column\">\n\t\t\t<div class=\"elementor-widget-wrap elementor-element-populated\">\n\t\t\t\t\t\t<div class=\"elementor-element elementor-element-8d0e4d1 elementor-widget elementor-widget-text-editor\" data-id=\"8d0e4d1\" data-element_type=\"widget\" data-e-type=\"widget\" data-widget_type=\"text-editor.default\">\n\t\t\t\t<div class=\"elementor-widget-container\">\n\t\t\t\t\t\t\t\t\t<p>Jm\u00e9nem na\u0161\u00ed advok\u00e1tn\u00ed kancel\u00e1\u0159e MaxLaw, s.r.o. V\u00e1m r\u00e1d poskytnu pr\u00e1vn\u00ed slu\u017eby v oblasti pozemkov\u00e9ho a stavebn\u00edho pr\u00e1va. Porad\u00edm v\u00e1m tak\u00e9 p\u0159i koupi a prodeji nemovitost\u00ed. <\/p>\t\t\t\t\t\t\t\t<\/div>\n\t\t\t\t<\/div>\n\t\t\t\t<section class=\"elementor-section elementor-inner-section elementor-element elementor-element-2914cdb elementor-section-boxed elementor-section-height-default elementor-section-height-default\" data-id=\"2914cdb\" data-element_type=\"section\" data-e-type=\"section\">\n\t\t\t\t\t\t<div class=\"elementor-container elementor-column-gap-default\">\n\t\t\t\t\t<div class=\"elementor-column elementor-col-50 elementor-inner-column elementor-element elementor-element-2e8b33f\" data-id=\"2e8b33f\" data-element_type=\"column\" data-e-type=\"column\">\n\t\t\t<div class=\"elementor-widget-wrap elementor-element-populated\">\n\t\t\t\t\t\t<div class=\"elementor-element elementor-element-1716809 elementor-button-align-stretch elementor-widget elementor-widget-form\" data-id=\"1716809\" data-element_type=\"widget\" data-e-type=\"widget\" data-settings=\"{&quot;step_next_label&quot;:&quot;Dal\\u0161\\u00ed&quot;,&quot;step_previous_label&quot;:&quot;P\\u0159edchoz\\u00ed&quot;,&quot;button_width&quot;:&quot;100&quot;,&quot;step_type&quot;:&quot;number_text&quot;,&quot;step_icon_shape&quot;:&quot;circle&quot;}\" data-widget_type=\"form.default\">\n\t\t\t\t<div class=\"elementor-widget-container\">\n\t\t\t\t\t\t\t<form class=\"elementor-form\" method=\"post\" name=\"Nov\u00fd formul\u00e1\u0159\" aria-label=\"Nov\u00fd formul\u00e1\u0159\">\n\t\t\t<input type=\"hidden\" name=\"post_id\" value=\"11144\"\/>\n\t\t\t<input type=\"hidden\" name=\"form_id\" value=\"1716809\"\/>\n\t\t\t<input type=\"hidden\" name=\"referer_title\" value=\"\" \/>\n\n\t\t\t\n\t\t\t<div class=\"elementor-form-fields-wrapper elementor-labels-above\">\n\t\t\t\t\t\t\t\t<div class=\"elementor-field-type-text elementor-field-group elementor-column elementor-field-group-name elementor-col-100\">\n\t\t\t\t\t\t\t\t\t\t\t\t<label for=\"form-field-name\" class=\"elementor-field-label\">\n\t\t\t\t\t\t\t\tN\u00e1zev\t\t\t\t\t\t\t<\/label>\n\t\t\t\t\t\t\t\t\t\t\t\t\t\t<input size=\"1\" type=\"text\" name=\"form_fields[name]\" id=\"form-field-name\" class=\"elementor-field elementor-size-sm  elementor-field-textual\" placeholder=\"N\u00e1zev\">\n\t\t\t\t\t\t\t\t\t\t\t<\/div>\n\t\t\t\t\t\t\t\t<div class=\"elementor-field-type-email elementor-field-group elementor-column elementor-field-group-email elementor-col-100 elementor-field-required\">\n\t\t\t\t\t\t\t\t\t\t\t\t<label for=\"form-field-email\" class=\"elementor-field-label\">\n\t\t\t\t\t\t\t\tE-mail\t\t\t\t\t\t\t<\/label>\n\t\t\t\t\t\t\t\t\t\t\t\t\t\t<input size=\"1\" type=\"email\" name=\"form_fields[email]\" id=\"form-field-email\" class=\"elementor-field elementor-size-sm  elementor-field-textual\" placeholder=\"E-mail\" required=\"required\">\n\t\t\t\t\t\t\t\t\t\t\t<\/div>\n\t\t\t\t\t\t\t\t<div class=\"elementor-field-type-textarea elementor-field-group elementor-column elementor-field-group-message elementor-col-100\">\n\t\t\t\t\t\t\t\t\t\t\t\t<label for=\"form-field-message\" class=\"elementor-field-label\">\n\t\t\t\t\t\t\t\tNahl\u00e1sit\t\t\t\t\t\t\t<\/label>\n\t\t\t\t\t\t<textarea class=\"elementor-field-textual elementor-field  elementor-size-sm\" name=\"form_fields[message]\" id=\"form-field-message\" rows=\"4\" placeholder=\"Nahl\u00e1sit\"><\/textarea>\t\t\t\t<\/div>\n\t\t\t\t\t\t\t\t<div class=\"elementor-field-type-recaptcha_v3 elementor-field-group elementor-column elementor-field-group-field_561f736 elementor-col-100 recaptcha_v3-bottomright\">\n\t\t\t\t\t<div class=\"elementor-field\" id=\"form-field-field_561f736\"><div class=\"elementor-g-recaptcha\" data-sitekey=\"6LczRcQkAAAAANIbM4OydellBEvwzFdBUw0sdDzN\" data-type=\"v3\" data-action=\"Form\" data-badge=\"bottomright\" data-size=\"invisible\"><\/div><\/div>\t\t\t\t<\/div>\n\t\t\t\t\t\t\t\t<div class=\"elementor-field-group elementor-column elementor-field-type-submit elementor-col-100 e-form__buttons\">\n\t\t\t\t\t<button class=\"elementor-button elementor-size-sm\" type=\"submit\">\n\t\t\t\t\t\t<span class=\"elementor-button-content-wrapper\">\n\t\t\t\t\t\t\t\t\t\t\t\t\t\t\t\t\t\t\t\t\t\t<span class=\"elementor-button-text\">Odeslat na adresu<\/span>\n\t\t\t\t\t\t\t\t\t\t\t\t\t<\/span>\n\t\t\t\t\t<\/button>\n\t\t\t\t<\/div>\n\t\t\t<\/div>\n\t\t<\/form>\n\t\t\t\t\t\t<\/div>\n\t\t\t\t<\/div>\n\t\t\t\t\t<\/div>\n\t\t<\/div>\n\t\t\t\t<div class=\"elementor-column elementor-col-50 elementor-inner-column elementor-element elementor-element-dee2940\" data-id=\"dee2940\" data-element_type=\"column\" data-e-type=\"column\">\n\t\t\t<div class=\"elementor-widget-wrap elementor-element-populated\">\n\t\t\t\t\t\t<div class=\"elementor-element elementor-element-ce5d238 elementor-widget__width-initial elementor-widget elementor-widget-text-editor\" data-id=\"ce5d238\" data-element_type=\"widget\" data-e-type=\"widget\" data-widget_type=\"text-editor.default\">\n\t\t\t\t<div class=\"elementor-widget-container\">\n\t\t\t\t\t\t\t\t\t<div><span style=\"color: var( --e-global-color-text ); font-family: var( --e-global-typography-text-font-family ), Sans-serif; font-weight: var( --e-global-typography-text-font-weight ); font-size: 1rem;\">S dotazy se na m\u011b m\u016f\u017eete obr\u00e1tit prost\u0159ednictv\u00edm formul\u00e1\u0159e na t\u00e9to str\u00e1nce nebo e-mailem. Pokud souhlas\u00edte s cenov\u00fdmi podm\u00ednkami, jsem v\u00e1m k dispozici (tak\u00e9 formou videohovoru). <\/span><\/div><div><span style=\"color: var( --e-global-color-text ); font-family: var( --e-global-typography-text-font-family ), Sans-serif; font-weight: var( --e-global-typography-text-font-weight ); font-size: 1rem;\"> <\/span><\/div><div><p><span style=\"color: var( --e-global-color-text ); font-family: var( --e-global-typography-text-font-family ), Sans-serif; font-weight: var( --e-global-typography-text-font-weight ); font-size: 1rem;\">V sou\u010dasn\u00e9 dob\u011b se na n\u00e1s na\u0161i klienti obracej\u00ed s pr\u00e1vn\u00edmi probl\u00e9my, jako jsou sousedsk\u00e9 spory, katastr nemovitost\u00ed, \u00fazemn\u00ed pl\u00e1n, smlouvy o d\u00edlo, p\u0159edkupn\u00ed pr\u00e1vo, d\u011bdictv\u00ed, nepovolen\u00e9 stavby atd.<\/span><\/p><p><span style=\"color: var( --e-global-color-text ); font-family: var( --e-global-typography-text-font-family ), Sans-serif; font-size: 1rem;\">Jsme p\u0159ipraveni v\u00e1m poskytnout podrobn\u00e9 poradenstv\u00ed a naj\u00edt nejlep\u0161\u00ed \u0159e\u0161en\u00ed pro va\u0161i situaci.<\/span><\/p><p> <\/p><\/div>\t\t\t\t\t\t\t\t<\/div>\n\t\t\t\t<\/div>\n\t\t\t\t\t<\/div>\n\t\t<\/div>\n\t\t\t\t\t<\/div>\n\t\t<\/section>\n\t\t\t\t\t<\/div>\n\t\t<\/div>\n\t\t\t\t\t<\/div>\n\t\t<\/section>\n\t\t\t\t<section class=\"elementor-section elementor-top-section elementor-element elementor-element-2e3707a elementor-hidden-desktop elementor-hidden-tablet elementor-hidden-mobile elementor-section-boxed elementor-section-height-default elementor-section-height-default\" data-id=\"2e3707a\" data-element_type=\"section\" data-e-type=\"section\">\n\t\t\t\t\t\t<div class=\"elementor-container elementor-column-gap-default\">\n\t\t\t\t\t<div class=\"elementor-column elementor-col-100 elementor-top-column elementor-element elementor-element-ff35bf0\" data-id=\"ff35bf0\" data-element_type=\"column\" data-e-type=\"column\">\n\t\t\t<div class=\"elementor-widget-wrap elementor-element-populated\">\n\t\t\t\t\t\t<section class=\"elementor-section elementor-inner-section elementor-element elementor-element-a3cacee elementor-section-boxed elementor-section-height-default elementor-section-height-default\" data-id=\"a3cacee\" data-element_type=\"section\" data-e-type=\"section\">\n\t\t\t\t\t\t<div class=\"elementor-container elementor-column-gap-default\">\n\t\t\t\t\t<div class=\"elementor-column elementor-col-100 elementor-inner-column elementor-element elementor-element-90b9492\" data-id=\"90b9492\" data-element_type=\"column\" data-e-type=\"column\">\n\t\t\t<div class=\"elementor-widget-wrap elementor-element-populated\">\n\t\t\t\t\t\t<div class=\"elementor-element elementor-element-b6cb3be elementor-widget elementor-widget-text-editor\" data-id=\"b6cb3be\" data-element_type=\"widget\" data-e-type=\"widget\" data-widget_type=\"text-editor.default\">\n\t\t\t\t<div class=\"elementor-widget-container\">\n\t\t\t\t\t\t\t\t\t<p>Mohlo by v\u00e1s tak\u00e9 zaj\u00edmat:<\/p><ul><li>pr\u00e1vn\u00ed poradenstv\u00ed v oblasti pozemkov\u00e9ho pr\u00e1va<\/li><li>p\u0159\u00edprava kupn\u00edch smluv a vklad\u016f do katastru nemovitost\u00ed.<\/li><li>pr\u00e1vn\u00ed poradenstv\u00ed v oblasti stavebn\u00edho pr\u00e1va<\/li><li>pr\u00e1vn\u00ed slu\u017eby souvisej\u00edc\u00ed s n\u00e1kupem a prodejem pozemk\u016f.<\/li><li>pr\u00e1vn\u00ed slu\u017eby souvisej\u00edc\u00ed s pron\u00e1jmem a spr\u00e1vou pozemk\u016f.<\/li><li>zm\u011bna \u00fazemn\u00edho pl\u00e1nu &#8211; n\u00e1vrh<\/li><li>d\u011bdictv\u00ed v souvislosti s pozemky<\/li><li>exekuce souvisej\u00edc\u00ed s pozemky<\/li><li>spor o vlastnictv\u00ed pozemku<\/li><li>z\u00edsk\u00e1n\u00ed stavebn\u00edho povolen\u00ed<\/li><li>zastupov\u00e1n\u00ed v soudn\u00edch \u0159\u00edzen\u00edch t\u00fdkaj\u00edc\u00edch se pozemkov\u00fdch pr\u00e1v<\/li><li>pr\u00e1vn\u00ed poradenstv\u00ed p\u0159i \u0159e\u0161en\u00ed spor\u016f v oblasti pozemkov\u00e9ho pr\u00e1va.<\/li><\/ul>\t\t\t\t\t\t\t\t<\/div>\n\t\t\t\t<\/div>\n\t\t\t\t\t<\/div>\n\t\t<\/div>\n\t\t\t\t\t<\/div>\n\t\t<\/section>\n\t\t\t\t\t<\/div>\n\t\t<\/div>\n\t\t\t\t\t<\/div>\n\t\t<\/section>\n\t\t\t\t<\/div>\n\t\t","protected":false},"excerpt":{"rendered":"<p>Poradenstv\u00ed &#8211; kontaktn\u00ed formul\u00e1\u0159 Jm\u00e9nem na\u0161\u00ed advok\u00e1tn\u00ed kancel\u00e1\u0159e MaxLaw, s.r.o. V\u00e1m r\u00e1d poskytnu pr\u00e1vn\u00ed slu\u017eby v oblasti pozemkov\u00e9ho a stavebn\u00edho pr\u00e1va. Porad\u00edm v\u00e1m tak\u00e9 p\u0159i koupi a prodeji nemovitost\u00ed. S dotazy se na m\u011b m\u016f\u017eete obr\u00e1tit prost\u0159ednictv\u00edm formul\u00e1\u0159e na t\u00e9to str\u00e1nce nebo e-mailem. Pokud souhlas\u00edte s cenov\u00fdmi podm\u00ednkami, jsem v\u00e1m k dispozici (tak\u00e9 formou videohovoru). [&hellip;]<\/p>\n","protected":false},"author":1,"featured_media":0,"parent":0,"menu_order":0,"comment_status":"closed","ping_status":"closed","template":"elementor_header_footer","meta":{"_acf_changed":false,"footnotes":""},"class_list":["post-11144","page","type-page","status-publish","hentry"],"acf":[],"_links":{"self":[{"href":"https:\/\/www.ondrejhalama.sk\/cs\/wp-json\/wp\/v2\/pages\/11144","targetHints":{"allow":["GET"]}}],"collection":[{"href":"https:\/\/www.ondrejhalama.sk\/cs\/wp-json\/wp\/v2\/pages"}],"about":[{"href":"https:\/\/www.ondrejhalama.sk\/cs\/wp-json\/wp\/v2\/types\/page"}],"author":[{"embeddable":true,"href":"https:\/\/www.ondrejhalama.sk\/cs\/wp-json\/wp\/v2\/users\/1"}],"replies":[{"embeddable":true,"href":"https:\/\/www.ondrejhalama.sk\/cs\/wp-json\/wp\/v2\/comments?post=11144"}],"version-history":[{"count":1,"href":"https:\/\/www.ondrejhalama.sk\/cs\/wp-json\/wp\/v2\/pages\/11144\/revisions"}],"predecessor-version":[{"id":11146,"href":"https:\/\/www.ondrejhalama.sk\/cs\/wp-json\/wp\/v2\/pages\/11144\/revisions\/11146"}],"wp:attachment":[{"href":"https:\/\/www.ondrejhalama.sk\/cs\/wp-json\/wp\/v2\/media?parent=11144"}],"curies":[{"name":"wp","href":"https:\/\/api.w.org\/{rel}","templated":true}]}}