{"id":11145,"date":"2022-04-10T10:46:35","date_gmt":"2022-04-10T08:46:35","guid":{"rendered":"https:\/\/www.ondrejhalama.sk\/kurz-jak-napsat-smlouvu-pro-katastr-nemovitosti\/"},"modified":"2025-02-10T20:21:21","modified_gmt":"2025-02-10T19:21:21","slug":"kurz-jak-napsat-smlouvu-pro-katastr-nemovitosti","status":"publish","type":"page","link":"https:\/\/www.ondrejhalama.sk\/cs\/kurz-jak-napsat-smlouvu-pro-katastr-nemovitosti\/","title":{"rendered":"Kurz: Jak napsat smlouvu pro katastr nemovitost\u00ed?"},"content":{"rendered":"\t\t<div data-elementor-type=\"wp-page\" data-elementor-id=\"11145\" class=\"elementor elementor-11145 elementor-7759\" data-elementor-post-type=\"page\">\n\t\t\t\t\t\t<section class=\"elementor-section elementor-top-section elementor-element elementor-element-2527d78 elementor-section-boxed elementor-section-height-default elementor-section-height-default\" data-id=\"2527d78\" data-element_type=\"section\" data-e-type=\"section\">\n\t\t\t\t\t\t<div class=\"elementor-container elementor-column-gap-default\">\n\t\t\t\t\t<div class=\"elementor-column elementor-col-100 elementor-top-column elementor-element elementor-element-5e01e72\" data-id=\"5e01e72\" data-element_type=\"column\" data-e-type=\"column\">\n\t\t\t<div class=\"elementor-widget-wrap elementor-element-populated\">\n\t\t\t\t\t\t<div class=\"elementor-element elementor-element-05e5292 elementor-widget elementor-widget-heading\" data-id=\"05e5292\" data-element_type=\"widget\" data-e-type=\"widget\" data-widget_type=\"heading.default\">\n\t\t\t\t<div class=\"elementor-widget-container\">\n\t\t\t\t\t<h2 class=\"elementor-heading-title elementor-size-default\">Kurz: Jak napsat smlouvu pro katastr nemovitost\u00ed?<\/h2>\t\t\t\t<\/div>\n\t\t\t\t<\/div>\n\t\t\t\t<section class=\"elementor-section elementor-inner-section elementor-element elementor-element-bebbb78 elementor-section-boxed elementor-section-height-default elementor-section-height-default\" data-id=\"bebbb78\" data-element_type=\"section\" data-e-type=\"section\">\n\t\t\t\t\t\t<div class=\"elementor-container elementor-column-gap-default\">\n\t\t\t\t\t<div class=\"elementor-column elementor-col-66 elementor-inner-column elementor-element elementor-element-066b3bf\" data-id=\"066b3bf\" data-element_type=\"column\" data-e-type=\"column\">\n\t\t\t<div class=\"elementor-widget-wrap elementor-element-populated\">\n\t\t\t\t\t\t<div class=\"elementor-element elementor-element-755a339 elementor-widget elementor-widget-text-editor\" data-id=\"755a339\" data-element_type=\"widget\" data-e-type=\"widget\" data-widget_type=\"text-editor.default\">\n\t\t\t\t<div class=\"elementor-widget-container\">\n\t\t\t\t\t\t\t\t\t<p>Co se na kurzu nau\u010d\u00edte?<\/p>\n<p><br><br><br><br><br><br><br>&#8211; co mus\u00ed smlouva pro katastr obsahovat &#8211; jak\u00e9 nej\u010dast\u011bj\u0161\u00ed chyby se v praxi vyskytuj\u00ed &#8211; jak zkontrolovat smlouvu &#8211; jak prov\u00e9st zm\u011bnu<a href=\"https:\/\/blog.sme.sk\/ondrejhalama\/spolocnost\/kupna-zmluva-na-pozemok-vzor-vysvetlenie\" target=\"_blank\" rel=\"noopener\">smlouvy<\/a> &#8211; jak podat n\u00e1vrh na vklad &#8211; jak\u00fd druh smlouvy pou\u017e\u00edt pro konkr\u00e9tn\u00ed situaci &#8211; co katastr na smlouv\u011b kontroluje &#8211; kdo o smlouv\u011b na katastru rozhoduje &#8211; jak vlo\u017eit smlouvu do katastru &#8211; zku\u0161enosti z praxe<\/p>\t\t\t\t\t\t\t\t<\/div>\n\t\t\t\t<\/div>\n\t\t\t\t<div class=\"elementor-element elementor-element-1aa9671 elementor-align-left elementor-widget elementor-widget-button\" data-id=\"1aa9671\" data-element_type=\"widget\" data-e-type=\"widget\" data-widget_type=\"button.default\">\n\t\t\t\t<div class=\"elementor-widget-container\">\n\t\t\t\t\t\t\t\t\t<div class=\"elementor-button-wrapper\">\n\t\t\t\t\t<a class=\"elementor-button elementor-button-link elementor-size-sm\" href=\"#prihlaska\">\n\t\t\t\t\t\t<span class=\"elementor-button-content-wrapper\">\n\t\t\t\t\t\t\t\t\t<span class=\"elementor-button-text\">P\u0159ihlaste se do kurzu<\/span>\n\t\t\t\t\t<\/span>\n\t\t\t\t\t<\/a>\n\t\t\t\t<\/div>\n\t\t\t\t\t\t\t\t<\/div>\n\t\t\t\t<\/div>\n\t\t\t\t\t<\/div>\n\t\t<\/div>\n\t\t\t\t<div class=\"elementor-column elementor-col-33 elementor-inner-column elementor-element elementor-element-cf58cd9\" data-id=\"cf58cd9\" data-element_type=\"column\" data-e-type=\"column\">\n\t\t\t<div class=\"elementor-widget-wrap\">\n\t\t\t\t\t\t\t<\/div>\n\t\t<\/div>\n\t\t\t\t\t<\/div>\n\t\t<\/section>\n\t\t\t\t\t<\/div>\n\t\t<\/div>\n\t\t\t\t\t<\/div>\n\t\t<\/section>\n\t\t\t\t<section class=\"elementor-section elementor-top-section elementor-element elementor-element-27d39db elementor-section-boxed elementor-section-height-default elementor-section-height-default\" data-id=\"27d39db\" data-element_type=\"section\" data-e-type=\"section\">\n\t\t\t\t\t\t<div class=\"elementor-container elementor-column-gap-default\">\n\t\t\t\t\t<div class=\"elementor-column elementor-col-100 elementor-top-column elementor-element elementor-element-983d22e\" data-id=\"983d22e\" data-element_type=\"column\" data-e-type=\"column\">\n\t\t\t<div class=\"elementor-widget-wrap elementor-element-populated\">\n\t\t\t\t\t\t<section class=\"elementor-section elementor-inner-section elementor-element elementor-element-d26e2ce elementor-section-boxed elementor-section-height-default elementor-section-height-default\" data-id=\"d26e2ce\" data-element_type=\"section\" data-e-type=\"section\">\n\t\t\t\t\t\t<div class=\"elementor-container elementor-column-gap-default\">\n\t\t\t\t\t<div class=\"elementor-column elementor-col-50 elementor-inner-column elementor-element elementor-element-2e8baa3\" data-id=\"2e8baa3\" data-element_type=\"column\" data-e-type=\"column\">\n\t\t\t<div class=\"elementor-widget-wrap elementor-element-populated\">\n\t\t\t\t\t\t<div class=\"elementor-element elementor-element-db16c2c elementor-widget elementor-widget-text-editor\" data-id=\"db16c2c\" data-element_type=\"widget\" data-e-type=\"widget\" data-widget_type=\"text-editor.default\">\n\t\t\t\t<div class=\"elementor-widget-container\">\n\t\t\t\t\t\t\t\t\t<div class=\"page\" title=\"Strana 1\"><div class=\"section\"><div class=\"layoutArea\"><div class=\"column\"><p>Tren\u00e9r:<\/p><p>Mgr. Ond\u0159ej Halama &#8211; pr\u00e1vn\u00edk a odborn\u00edk na katastr nemovitost\u00ed, pozemkov\u00e9 a stavebn\u00ed pr\u00e1vo. Sedm let pracoval na katastru nemovitost\u00ed a rozhodoval v katastr\u00e1ln\u00edch \u0159\u00edzen\u00edch. Je autorem odborn\u00fdch a vzd\u011bl\u00e1vac\u00edch publikac\u00ed z oblasti pozemkov\u00e9ho a stavebn\u00edho pr\u00e1va. M\u00e1 zku\u0161enosti s realitn\u00ed \u010dinnost\u00ed. V sou\u010dasn\u00e9 dob\u011b p\u016fsob\u00ed v advokacii. Vydan\u00e9 publikace: Koment\u00e1\u0159 ke katastr\u00e1ln\u00edmu z\u00e1konu (2014, 2021), <a href=\"https:\/\/shop.ondrejhalama.sk\/produkt\/kniha-pozemky-stavby-byty\/\" target=\"_blank\" rel=\"noopener\">Pozemky, stavby, byty (<\/a> 2019), Koment\u00e1\u0159 k z\u00e1konu \u010d. 180\/1995 Sb (2014), Katastr nemovitost\u00ed &#8211; judikatura s koment\u00e1\u0159em (2021), Z\u00e1klady pr\u00e1va pro ka\u017ed\u00e9ho (2020).        <\/p><\/div><\/div><\/div><\/div>\t\t\t\t\t\t\t\t<\/div>\n\t\t\t\t<\/div>\n\t\t\t\t\t<\/div>\n\t\t<\/div>\n\t\t\t\t<div class=\"elementor-column elementor-col-50 elementor-inner-column elementor-element elementor-element-574b44c\" data-id=\"574b44c\" data-element_type=\"column\" data-e-type=\"column\">\n\t\t\t<div class=\"elementor-widget-wrap elementor-element-populated\">\n\t\t\t\t\t\t<div class=\"elementor-element elementor-element-c06fb34 elementor-widget elementor-widget-image\" data-id=\"c06fb34\" data-element_type=\"widget\" data-e-type=\"widget\" data-widget_type=\"image.default\">\n\t\t\t\t<div class=\"elementor-widget-container\">\n\t\t\t\t\t\t\t\t\t\t\t\t<figure class=\"wp-caption\">\n\t\t\t\t\t\t\t\t\t\t<img fetchpriority=\"high\" decoding=\"async\" width=\"800\" height=\"640\" src=\"https:\/\/www.ondrejhalama.sk\/wp-content\/uploads\/2022\/04\/kataster-kupna-predajna-zmluva.jpg\" class=\"attachment-large size-large wp-image-10495\" alt=\"-\" srcset=\"https:\/\/www.ondrejhalama.sk\/wp-content\/uploads\/2022\/04\/kataster-kupna-predajna-zmluva.jpg 892w, https:\/\/www.ondrejhalama.sk\/wp-content\/uploads\/2022\/04\/kataster-kupna-predajna-zmluva-300x240.jpg 300w, https:\/\/www.ondrejhalama.sk\/wp-content\/uploads\/2022\/04\/kataster-kupna-predajna-zmluva-600x480.jpg 600w, https:\/\/www.ondrejhalama.sk\/wp-content\/uploads\/2022\/04\/kataster-kupna-predajna-zmluva-768x615.jpg 768w, https:\/\/www.ondrejhalama.sk\/wp-content\/uploads\/2022\/04\/kataster-kupna-predajna-zmluva-441x353.jpg 441w\" sizes=\"(max-width: 800px) 100vw, 800px\" title=\"-\">\t\t\t\t\t\t\t\t\t\t\t<figcaption class=\"widget-image-caption wp-caption-text\"><\/figcaption>\n\t\t\t\t\t\t\t\t\t\t<\/figure>\n\t\t\t\t\t\t\t\t\t<\/div>\n\t\t\t\t<\/div>\n\t\t\t\t\t<\/div>\n\t\t<\/div>\n\t\t\t\t\t<\/div>\n\t\t<\/section>\n\t\t\t\t\t<\/div>\n\t\t<\/div>\n\t\t\t\t\t<\/div>\n\t\t<\/section>\n\t\t\t\t<section class=\"elementor-section elementor-top-section elementor-element elementor-element-bdd28e3 elementor-section-boxed elementor-section-height-default elementor-section-height-default\" data-id=\"bdd28e3\" data-element_type=\"section\" data-e-type=\"section\">\n\t\t\t\t\t\t<div class=\"elementor-container elementor-column-gap-default\">\n\t\t\t\t\t<div class=\"elementor-column elementor-col-100 elementor-top-column elementor-element elementor-element-88895f6\" data-id=\"88895f6\" data-element_type=\"column\" data-e-type=\"column\">\n\t\t\t<div class=\"elementor-widget-wrap elementor-element-populated\">\n\t\t\t\t\t\t<div class=\"elementor-element elementor-element-c96a84d elementor-widget elementor-widget-text-editor\" data-id=\"c96a84d\" data-element_type=\"widget\" data-e-type=\"widget\" data-widget_type=\"text-editor.default\">\n\t\t\t\t<div class=\"elementor-widget-container\">\n\t\t\t\t\t\t\t\t\t<div title=\"Strana 1\">\n<div>\n<div>\n<div>\n<p><u>Pro koho je kurz ur\u010den?<\/u><\/p>\n<p>\u0160kolen\u00ed je ur\u010deno pro pr\u00e1vn\u00edky, advok\u00e1ty, advok\u00e1tn\u00ed koncipienty, not\u00e1\u0159e, realitn\u00ed makl\u00e9\u0159e, pracovn\u00edky katastru nemovitost\u00ed, zprost\u0159edkovatele, vlastn\u00edky nemovitost\u00ed, bytov\u00e1 dru\u017estva a spole\u010denstv\u00ed vlastn\u00edk\u016f, investorsk\u00e9 spole\u010dnosti, banky, hypote\u010dn\u00ed specialisty.<\/p>\n<p><u>Doba trv\u00e1n\u00ed, po\u010det \u00fa\u010dastn\u00edk\u016f, cena<\/u><\/p>\n<p>Kurz trv\u00e1 2 x 45 min., maxim\u00e1ln\u00ed po\u010det \u00fa\u010dastn\u00edk\u016f 15, cena: 50 eur na osobu (pro klienty m\u016f\u017eeme tak\u00e9 zajistit kurz na m\u00edru dle po\u017eadavk\u016f). <\/p>\n<p><u>Nejbli\u017e\u0161\u00ed term\u00edn<\/u><\/p>\n<p>&nbsp;V sou\u010dasn\u00e9 dob\u011b nejsou stanoveny \u017e\u00e1dn\u00e9 lh\u016fty.<span style=\"color: var( --e-global-color-65addea5 ); font-family: var( --e-global-typography-text-font-family ), Sans-serif; font-weight: var( --e-global-typography-text-font-weight ); letter-spacing: 0px;\">Z\u00e1jemc\u016fmdoporu\u010duji knihu <a href=\"https:\/\/shop.ondrejhalama.sk\/produkt\/ako-napisat-zmluvu-pre-kataster-prirucka\/\" target=\"_blank\" rel=\"noopener\">Jak napsat smlouvu pro katastr nemovitost\u00ed<\/a><\/span>.<\/p>\n<p><u>Kontakt<\/u><\/p>\n<p>P\u0159ihl\u00e1\u0161ky a dotazy zas\u00edlejte na adresu info(a)ondrejhalama.sk nebo na tel. 0949 602 552, va\u0161e p\u0159ihl\u00e1\u0161ka bude potvrzena e-mailem.<\/p>\n<\/div>\n<\/div>\n<\/div>\n<\/div>\t\t\t\t\t\t\t\t<\/div>\n\t\t\t\t<\/div>\n\t\t\t\t<div class=\"elementor-element elementor-element-268ff14 elementor-widget elementor-widget-heading\" data-id=\"268ff14\" data-element_type=\"widget\" data-e-type=\"widget\" id=\"prihlaska\" data-widget_type=\"heading.default\">\n\t\t\t\t<div class=\"elementor-widget-container\">\n\t\t\t\t\t<h2 class=\"elementor-heading-title elementor-size-default\">Jak sepsat smlouvu pro katastr nemovitost\u00ed? - p\u0159ihl\u00e1\u0161ka na kurz v \u017dilin\u011b <\/h2>\t\t\t\t<\/div>\n\t\t\t\t<\/div>\n\t\t\t\t<div class=\"elementor-element elementor-element-ab7872d elementor-button-align-stretch elementor-widget elementor-widget-form\" data-id=\"ab7872d\" data-element_type=\"widget\" data-e-type=\"widget\" data-settings=\"{&quot;step_next_label&quot;:&quot;Dal\\u0161\\u00ed&quot;,&quot;step_previous_label&quot;:&quot;P\\u0159edchoz\\u00ed&quot;,&quot;button_width&quot;:&quot;100&quot;,&quot;step_type&quot;:&quot;number_text&quot;,&quot;step_icon_shape&quot;:&quot;circle&quot;}\" data-widget_type=\"form.default\">\n\t\t\t\t<div class=\"elementor-widget-container\">\n\t\t\t\t\t\t\t<form class=\"elementor-form\" method=\"post\" name=\"Nov\u00fd formul\u00e1\u0159\" aria-label=\"Nov\u00fd formul\u00e1\u0159\">\n\t\t\t<input type=\"hidden\" name=\"post_id\" value=\"11145\"\/>\n\t\t\t<input type=\"hidden\" name=\"form_id\" value=\"ab7872d\"\/>\n\t\t\t<input type=\"hidden\" name=\"referer_title\" value=\"Kurz: Jak napsat smlouvu pro katastr nemovitost\u00ed? - Ondrej Halama\" \/>\n\n\t\t\t\t\t\t\t<input type=\"hidden\" name=\"queried_id\" value=\"11145\"\/>\n\t\t\t\n\t\t\t<div class=\"elementor-form-fields-wrapper elementor-labels-above\">\n\t\t\t\t\t\t\t\t<div class=\"elementor-field-type-text elementor-field-group elementor-column elementor-field-group-name elementor-col-100\">\n\t\t\t\t\t\t\t\t\t\t\t\t<label for=\"form-field-name\" class=\"elementor-field-label\">\n\t\t\t\t\t\t\t\tN\u00e1zev\t\t\t\t\t\t\t<\/label>\n\t\t\t\t\t\t\t\t\t\t\t\t\t\t<input size=\"1\" type=\"text\" name=\"form_fields[name]\" id=\"form-field-name\" class=\"elementor-field elementor-size-sm  elementor-field-textual\" placeholder=\"N\u00e1zev\">\n\t\t\t\t\t\t\t\t\t\t\t<\/div>\n\t\t\t\t\t\t\t\t<div class=\"elementor-field-type-email elementor-field-group elementor-column elementor-field-group-email elementor-col-100 elementor-field-required\">\n\t\t\t\t\t\t\t\t\t\t\t\t<label for=\"form-field-email\" class=\"elementor-field-label\">\n\t\t\t\t\t\t\t\tE-mail\t\t\t\t\t\t\t<\/label>\n\t\t\t\t\t\t\t\t\t\t\t\t\t\t<input size=\"1\" type=\"email\" name=\"form_fields[email]\" id=\"form-field-email\" class=\"elementor-field elementor-size-sm  elementor-field-textual\" placeholder=\"E-mail\" required=\"required\">\n\t\t\t\t\t\t\t\t\t\t\t<\/div>\n\t\t\t\t\t\t\t\t<div class=\"elementor-field-type-text elementor-field-group elementor-column elementor-field-group-message elementor-col-100 elementor-field-required\">\n\t\t\t\t\t\t\t\t\t\t\t\t<label for=\"form-field-message\" class=\"elementor-field-label\">\n\t\t\t\t\t\t\t\tPo\u010det osob\t\t\t\t\t\t\t<\/label>\n\t\t\t\t\t\t\t\t\t\t\t\t\t\t<input size=\"1\" type=\"text\" name=\"form_fields[message]\" id=\"form-field-message\" class=\"elementor-field elementor-size-sm  elementor-field-textual\" placeholder=\"Po\u010det osob\" required=\"required\">\n\t\t\t\t\t\t\t\t\t\t\t<\/div>\n\t\t\t\t\t\t\t\t<div class=\"elementor-field-group elementor-column elementor-field-type-submit elementor-col-100 e-form__buttons\">\n\t\t\t\t\t<button class=\"elementor-button elementor-size-sm\" type=\"submit\">\n\t\t\t\t\t\t<span class=\"elementor-button-content-wrapper\">\n\t\t\t\t\t\t\t\t\t\t\t\t\t\t\t\t\t\t\t\t\t\t<span class=\"elementor-button-text\">Odeslat na adresu<\/span>\n\t\t\t\t\t\t\t\t\t\t\t\t\t<\/span>\n\t\t\t\t\t<\/button>\n\t\t\t\t<\/div>\n\t\t\t<\/div>\n\t\t<\/form>\n\t\t\t\t\t\t<\/div>\n\t\t\t\t<\/div>\n\t\t\t\t\t<\/div>\n\t\t<\/div>\n\t\t\t\t\t<\/div>\n\t\t<\/section>\n\t\t\t\t<\/div>\n\t\t","protected":false},"excerpt":{"rendered":"<p>Co se na kurzu nau\u010d\u00edte? &#8211; co mus\u00ed smlouva pro katastr obsahovat &#8211; jak\u00e9 nej\u010dast\u011bj\u0161\u00ed chyby se v praxi vyskytuj\u00ed &#8211; jak zkontrolovat smlouvu &#8211; jak prov\u00e9st zm\u011bnusmlouvy &#8211; jak podat n\u00e1vrh na vklad &#8211; jak\u00fd druh smlouvy pou\u017e\u00edt pro konkr\u00e9tn\u00ed situaci &#8211; co katastr na smlouv\u011b kontroluje &#8211; kdo o smlouv\u011b na katastru rozhoduje [&hellip;]<\/p>\n","protected":false},"author":1,"featured_media":0,"parent":0,"menu_order":0,"comment_status":"closed","ping_status":"closed","template":"elementor_header_footer","meta":{"_acf_changed":false,"footnotes":""},"class_list":["post-11145","page","type-page","status-publish","hentry"],"acf":[],"_links":{"self":[{"href":"https:\/\/www.ondrejhalama.sk\/cs\/wp-json\/wp\/v2\/pages\/11145","targetHints":{"allow":["GET"]}}],"collection":[{"href":"https:\/\/www.ondrejhalama.sk\/cs\/wp-json\/wp\/v2\/pages"}],"about":[{"href":"https:\/\/www.ondrejhalama.sk\/cs\/wp-json\/wp\/v2\/types\/page"}],"author":[{"embeddable":true,"href":"https:\/\/www.ondrejhalama.sk\/cs\/wp-json\/wp\/v2\/users\/1"}],"replies":[{"embeddable":true,"href":"https:\/\/www.ondrejhalama.sk\/cs\/wp-json\/wp\/v2\/comments?post=11145"}],"version-history":[{"count":1,"href":"https:\/\/www.ondrejhalama.sk\/cs\/wp-json\/wp\/v2\/pages\/11145\/revisions"}],"predecessor-version":[{"id":11147,"href":"https:\/\/www.ondrejhalama.sk\/cs\/wp-json\/wp\/v2\/pages\/11145\/revisions\/11147"}],"wp:attachment":[{"href":"https:\/\/www.ondrejhalama.sk\/cs\/wp-json\/wp\/v2\/media?parent=11145"}],"curies":[{"name":"wp","href":"https:\/\/api.w.org\/{rel}","templated":true}]}}