{"id":11193,"date":"2024-10-04T17:19:08","date_gmt":"2024-10-04T15:19:08","guid":{"rendered":"https:\/\/www.ondrejhalama.sk\/podminky-prehled\/"},"modified":"2025-02-10T20:21:36","modified_gmt":"2025-02-10T19:21:36","slug":"podminky-prehled","status":"publish","type":"page","link":"https:\/\/www.ondrejhalama.sk\/cs\/podminky-prehled\/","title":{"rendered":"Podm\u00ednky &#8211; p\u0159ehled"},"content":{"rendered":"\t\t<div data-elementor-type=\"wp-page\" data-elementor-id=\"11193\" class=\"elementor elementor-11193 elementor-10129\" data-elementor-post-type=\"page\">\n\t\t\t\t\t\t<section class=\"elementor-section elementor-top-section elementor-element elementor-element-d2ae43d elementor-section-boxed elementor-section-height-default elementor-section-height-default\" data-id=\"d2ae43d\" data-element_type=\"section\" data-e-type=\"section\">\n\t\t\t\t\t\t<div class=\"elementor-container elementor-column-gap-default\">\n\t\t\t\t\t<div class=\"elementor-column elementor-col-100 elementor-top-column elementor-element elementor-element-6ae95ec\" data-id=\"6ae95ec\" data-element_type=\"column\" data-e-type=\"column\">\n\t\t\t<div class=\"elementor-widget-wrap elementor-element-populated\">\n\t\t\t\t\t\t<section class=\"elementor-section elementor-inner-section elementor-element elementor-element-61a2592 elementor-section-boxed elementor-section-height-default elementor-section-height-default\" data-id=\"61a2592\" data-element_type=\"section\" data-e-type=\"section\">\n\t\t\t\t\t\t<div class=\"elementor-container elementor-column-gap-default\">\n\t\t\t\t\t<div class=\"elementor-column elementor-col-50 elementor-inner-column elementor-element elementor-element-3b28402\" data-id=\"3b28402\" data-element_type=\"column\" data-e-type=\"column\">\n\t\t\t<div class=\"elementor-widget-wrap elementor-element-populated\">\n\t\t\t\t\t\t<div class=\"elementor-element elementor-element-5a436ce elementor-widget elementor-widget-sitemap\" data-id=\"5a436ce\" data-element_type=\"widget\" data-e-type=\"widget\" data-widget_type=\"sitemap.default\">\n\t\t\t\t<div class=\"elementor-widget-container\">\n\t\t\t\t\t<div class=\"elementor-sitemap-wrap\"><div class=\"elementor-sitemap-section\"><h1 class=\"elementor-sitemap-title elementor-sitemap-post_tag-title\">\u0160t\u00edtky<\/h1><ul class=\"elementor-sitemap-list elementor-sitemap-post_tag-list\">\t<li class=\"elementor-sitemap-item elementor-sitemap-item-post_tag cat-item cat-item-284\"><a href=\"https:\/\/www.ondrejhalama.sk\/cs\/pojem\/zeme\/\">Zem\u011b<\/a>\n<\/li>\n\t<li class=\"elementor-sitemap-item elementor-sitemap-item-post_tag cat-item cat-item-307\"><a href=\"https:\/\/www.ondrejhalama.sk\/cs\/pojem\/zeme-cs\/\">Zem\u011b<\/a>\n<\/li>\n\t<li class=\"elementor-sitemap-item elementor-sitemap-item-post_tag cat-item cat-item-253\"><a href=\"https:\/\/www.ondrejhalama.sk\/cs\/pojem\/zbgis-cs\/\">zbgis<\/a>\n<\/li>\n\t<li class=\"elementor-sitemap-item elementor-sitemap-item-post_tag cat-item cat-item-267\"><a href=\"https:\/\/www.ondrejhalama.sk\/cs\/pojem\/vrtaky\/\">vrt\u00e1ky<\/a>\n<\/li>\n\t<li class=\"elementor-sitemap-item elementor-sitemap-item-post_tag cat-item cat-item-270\"><a href=\"https:\/\/www.ondrejhalama.sk\/cs\/pojem\/uzemni-plan\/\">\u00fazemn\u00ed pl\u00e1n<\/a>\n<\/li>\n\t<li class=\"elementor-sitemap-item elementor-sitemap-item-post_tag cat-item cat-item-264\"><a href=\"https:\/\/www.ondrejhalama.sk\/cs\/pojem\/predmety\/\">P\u0159edm\u011bty<\/a>\n<\/li>\n\t<li class=\"elementor-sitemap-item elementor-sitemap-item-post_tag cat-item cat-item-285\"><a href=\"https:\/\/www.ondrejhalama.sk\/cs\/pojem\/nemovitosti\/\">nemovitosti<\/a>\n<\/li>\n\t<li class=\"elementor-sitemap-item elementor-sitemap-item-post_tag cat-item cat-item-271\"><a href=\"https:\/\/www.ondrejhalama.sk\/cs\/pojem\/navrhar\/\">n\u00e1vrh\u00e1\u0159<\/a>\n<\/li>\n\t<li class=\"elementor-sitemap-item elementor-sitemap-item-post_tag cat-item cat-item-283\"><a href=\"https:\/\/www.ondrejhalama.sk\/cs\/pojem\/manzele\/\">man\u017eel\u00e9<\/a>\n<\/li>\n\t<li class=\"elementor-sitemap-item elementor-sitemap-item-post_tag cat-item cat-item-298\"><a href=\"https:\/\/www.ondrejhalama.sk\/cs\/pojem\/listiny-cs\/\">Listiny<\/a>\n<\/li>\n\t<li class=\"elementor-sitemap-item elementor-sitemap-item-post_tag cat-item cat-item-252\"><a href=\"https:\/\/www.ondrejhalama.sk\/cs\/pojem\/katastr-nemovitosti\/\">katastr nemovitost\u00ed<\/a>\n<\/li>\n\t<li class=\"elementor-sitemap-item elementor-sitemap-item-post_tag cat-item cat-item-297\"><a href=\"https:\/\/www.ondrejhalama.sk\/cs\/pojem\/informacni-pravo\/\">Informa\u010dn\u00ed pr\u00e1vo<\/a>\n<\/li>\n\t<li class=\"elementor-sitemap-item elementor-sitemap-item-post_tag cat-item cat-item-265\"><a href=\"https:\/\/www.ondrejhalama.sk\/cs\/pojem\/historie\/\">Historie<\/a>\n<\/li>\n\t<li class=\"elementor-sitemap-item elementor-sitemap-item-post_tag cat-item cat-item-309\"><a href=\"https:\/\/www.ondrejhalama.sk\/cs\/pojem\/duplikat\/\">Duplik\u00e1t<\/a>\n<\/li>\n\t<li class=\"elementor-sitemap-item elementor-sitemap-item-post_tag cat-item cat-item-308\"><a href=\"https:\/\/www.ondrejhalama.sk\/cs\/pojem\/cena-cs\/\">Cena<\/a>\n<\/li>\n\t<li class=\"elementor-sitemap-item elementor-sitemap-item-post_tag cat-item cat-item-282\"><a href=\"https:\/\/www.ondrejhalama.sk\/cs\/pojem\/bsm-cs\/\">bsm<\/a>\n<\/li>\n<\/ul><\/div><\/div>\t\t\t\t<\/div>\n\t\t\t\t<\/div>\n\t\t\t\t\t<\/div>\n\t\t<\/div>\n\t\t\t\t<div class=\"elementor-column elementor-col-50 elementor-inner-column elementor-element elementor-element-2a07943\" data-id=\"2a07943\" data-element_type=\"column\" data-e-type=\"column\">\n\t\t\t<div class=\"elementor-widget-wrap\">\n\t\t\t\t\t\t\t<\/div>\n\t\t<\/div>\n\t\t\t\t\t<\/div>\n\t\t<\/section>\n\t\t\t\t\t<\/div>\n\t\t<\/div>\n\t\t\t\t\t<\/div>\n\t\t<\/section>\n\t\t\t\t<section class=\"elementor-section elementor-top-section elementor-element elementor-element-1f9f3c6 elementor-section-boxed elementor-section-height-default elementor-section-height-default\" data-id=\"1f9f3c6\" data-element_type=\"section\" data-e-type=\"section\">\n\t\t\t\t\t\t<div class=\"elementor-container elementor-column-gap-default\">\n\t\t\t\t\t<div class=\"elementor-column elementor-col-100 elementor-top-column elementor-element elementor-element-afb4ffd\" data-id=\"afb4ffd\" data-element_type=\"column\" data-e-type=\"column\">\n\t\t\t<div class=\"elementor-widget-wrap\">\n\t\t\t\t\t\t\t<\/div>\n\t\t<\/div>\n\t\t\t\t\t<\/div>\n\t\t<\/section>\n\t\t\t\t<\/div>\n\t\t","protected":false},"excerpt":{"rendered":"","protected":false},"author":1,"featured_media":0,"parent":0,"menu_order":0,"comment_status":"closed","ping_status":"closed","template":"","meta":{"_acf_changed":false,"footnotes":""},"class_list":["post-11193","page","type-page","status-publish","hentry"],"acf":[],"_links":{"self":[{"href":"https:\/\/www.ondrejhalama.sk\/cs\/wp-json\/wp\/v2\/pages\/11193","targetHints":{"allow":["GET"]}}],"collection":[{"href":"https:\/\/www.ondrejhalama.sk\/cs\/wp-json\/wp\/v2\/pages"}],"about":[{"href":"https:\/\/www.ondrejhalama.sk\/cs\/wp-json\/wp\/v2\/types\/page"}],"author":[{"embeddable":true,"href":"https:\/\/www.ondrejhalama.sk\/cs\/wp-json\/wp\/v2\/users\/1"}],"replies":[{"embeddable":true,"href":"https:\/\/www.ondrejhalama.sk\/cs\/wp-json\/wp\/v2\/comments?post=11193"}],"version-history":[{"count":1,"href":"https:\/\/www.ondrejhalama.sk\/cs\/wp-json\/wp\/v2\/pages\/11193\/revisions"}],"predecessor-version":[{"id":11194,"href":"https:\/\/www.ondrejhalama.sk\/cs\/wp-json\/wp\/v2\/pages\/11193\/revisions\/11194"}],"wp:attachment":[{"href":"https:\/\/www.ondrejhalama.sk\/cs\/wp-json\/wp\/v2\/media?parent=11193"}],"curies":[{"name":"wp","href":"https:\/\/api.w.org\/{rel}","templated":true}]}}