{"id":11203,"date":"2024-10-04T17:19:12","date_gmt":"2024-10-04T15:19:12","guid":{"rendered":"https:\/\/www.ondrejhalama.sk\/kategorie-prehled\/"},"modified":"2025-02-10T20:21:41","modified_gmt":"2025-02-10T19:21:41","slug":"kategorie-prehled","status":"publish","type":"page","link":"https:\/\/www.ondrejhalama.sk\/cs\/kategorie-prehled\/","title":{"rendered":"Kategorie &#8211; p\u0159ehled"},"content":{"rendered":"\t\t<div data-elementor-type=\"wp-page\" data-elementor-id=\"11203\" class=\"elementor elementor-11203 elementor-10130\" data-elementor-post-type=\"page\">\n\t\t\t\t\t\t<section class=\"elementor-section elementor-top-section elementor-element elementor-element-43a4364 elementor-section-boxed elementor-section-height-default elementor-section-height-default\" data-id=\"43a4364\" data-element_type=\"section\" data-e-type=\"section\">\n\t\t\t\t\t\t<div class=\"elementor-container elementor-column-gap-default\">\n\t\t\t\t\t<div class=\"elementor-column elementor-col-100 elementor-top-column elementor-element elementor-element-9611cd9\" data-id=\"9611cd9\" data-element_type=\"column\" data-e-type=\"column\">\n\t\t\t<div class=\"elementor-widget-wrap elementor-element-populated\">\n\t\t\t\t\t\t<section class=\"elementor-section elementor-inner-section elementor-element elementor-element-fee531b elementor-section-boxed elementor-section-height-default elementor-section-height-default\" data-id=\"fee531b\" data-element_type=\"section\" data-e-type=\"section\">\n\t\t\t\t\t\t<div class=\"elementor-container elementor-column-gap-default\">\n\t\t\t\t\t<div class=\"elementor-column elementor-col-50 elementor-inner-column elementor-element elementor-element-c5cb1f5\" data-id=\"c5cb1f5\" data-element_type=\"column\" data-e-type=\"column\">\n\t\t\t<div class=\"elementor-widget-wrap elementor-element-populated\">\n\t\t\t\t\t\t<div class=\"elementor-element elementor-element-f64c9d6 elementor-widget elementor-widget-sitemap\" data-id=\"f64c9d6\" data-element_type=\"widget\" data-e-type=\"widget\" data-widget_type=\"sitemap.default\">\n\t\t\t\t<div class=\"elementor-widget-container\">\n\t\t\t\t\t<div class=\"elementor-sitemap-wrap\"><div class=\"elementor-sitemap-section\"><h1 class=\"elementor-sitemap-title elementor-sitemap-category-title\">Rubriky<\/h1><ul class=\"elementor-sitemap-list elementor-sitemap-category-list\">\t<li class=\"elementor-sitemap-item elementor-sitemap-item-category cat-item cat-item-218\"><a href=\"https:\/\/www.ondrejhalama.sk\/cs\/uncategorized-cs\/\">Uncategorized @cs<\/a>\n<\/li>\n\t<li class=\"elementor-sitemap-item elementor-sitemap-item-category cat-item cat-item-241\"><a href=\"https:\/\/www.ondrejhalama.sk\/cs\/trh-s-nemovitostmi\/\">Trh s nemovitostmi<\/a>\n<\/li>\n\t<li class=\"elementor-sitemap-item elementor-sitemap-item-category cat-item cat-item-269\"><a href=\"https:\/\/www.ondrejhalama.sk\/cs\/stavebnictvi\/\">Stavebnictv\u00ed<\/a>\n<\/li>\n\t<li class=\"elementor-sitemap-item elementor-sitemap-item-category cat-item cat-item-242\"><a href=\"https:\/\/www.ondrejhalama.sk\/cs\/stavebni-pravo\/\">Stavebn\u00ed pr\u00e1vo<\/a>\n<\/li>\n\t<li class=\"elementor-sitemap-item elementor-sitemap-item-category cat-item cat-item-240\"><a href=\"https:\/\/www.ondrejhalama.sk\/cs\/pozemkove-pravo-cs\/\">Pozemkov\u00e9 pr\u00e1vo<\/a>\n<\/li>\n\t<li class=\"elementor-sitemap-item elementor-sitemap-item-category cat-item cat-item-268\"><a href=\"https:\/\/www.ondrejhalama.sk\/cs\/obcanske-pravo\/\">Ob\u010dansk\u00e9 pr\u00e1vo<\/a>\n<ul class='children'>\n\t<li class=\"elementor-sitemap-item elementor-sitemap-item-category cat-item cat-item-310\"><a href=\"https:\/\/www.ondrejhalama.sk\/cs\/obcanske-pravo\/obcanske-pravo-procesni\/\">Ob\u010dansk\u00e9 pr\u00e1vo procesn\u00ed<\/a>\n<\/li>\n\t<li class=\"elementor-sitemap-item elementor-sitemap-item-category cat-item cat-item-302\"><a href=\"https:\/\/www.ondrejhalama.sk\/cs\/obcanske-pravo\/dedicke-pravo\/\">D\u011bdick\u00e9 pr\u00e1vo<\/a>\n<\/li>\n<\/ul>\n<\/li>\n\t<li class=\"elementor-sitemap-item elementor-sitemap-item-category cat-item cat-item-243\"><a href=\"https:\/\/www.ondrejhalama.sk\/cs\/katastr\/\">Katastr<\/a>\n<\/li>\n\t<li class=\"elementor-sitemap-item elementor-sitemap-item-category cat-item cat-item-263\"><a href=\"https:\/\/www.ondrejhalama.sk\/cs\/historie\/\">Historie<\/a>\n<\/li>\n<\/ul><\/div><\/div>\t\t\t\t<\/div>\n\t\t\t\t<\/div>\n\t\t\t\t\t<\/div>\n\t\t<\/div>\n\t\t\t\t<div class=\"elementor-column elementor-col-50 elementor-inner-column elementor-element elementor-element-5303684\" data-id=\"5303684\" data-element_type=\"column\" data-e-type=\"column\">\n\t\t\t<div class=\"elementor-widget-wrap\">\n\t\t\t\t\t\t\t<\/div>\n\t\t<\/div>\n\t\t\t\t\t<\/div>\n\t\t<\/section>\n\t\t\t\t\t<\/div>\n\t\t<\/div>\n\t\t\t\t\t<\/div>\n\t\t<\/section>\n\t\t\t\t<section class=\"elementor-section elementor-top-section elementor-element elementor-element-2270858 elementor-section-boxed elementor-section-height-default elementor-section-height-default\" data-id=\"2270858\" data-element_type=\"section\" data-e-type=\"section\">\n\t\t\t\t\t\t<div class=\"elementor-container elementor-column-gap-default\">\n\t\t\t\t\t<div class=\"elementor-column elementor-col-100 elementor-top-column elementor-element elementor-element-748b086\" data-id=\"748b086\" data-element_type=\"column\" data-e-type=\"column\">\n\t\t\t<div class=\"elementor-widget-wrap\">\n\t\t\t\t\t\t\t<\/div>\n\t\t<\/div>\n\t\t\t\t\t<\/div>\n\t\t<\/section>\n\t\t\t\t<\/div>\n\t\t","protected":false},"excerpt":{"rendered":"","protected":false},"author":1,"featured_media":0,"parent":0,"menu_order":0,"comment_status":"closed","ping_status":"closed","template":"","meta":{"_acf_changed":false,"footnotes":""},"class_list":["post-11203","page","type-page","status-publish","hentry"],"acf":[],"_links":{"self":[{"href":"https:\/\/www.ondrejhalama.sk\/cs\/wp-json\/wp\/v2\/pages\/11203","targetHints":{"allow":["GET"]}}],"collection":[{"href":"https:\/\/www.ondrejhalama.sk\/cs\/wp-json\/wp\/v2\/pages"}],"about":[{"href":"https:\/\/www.ondrejhalama.sk\/cs\/wp-json\/wp\/v2\/types\/page"}],"author":[{"embeddable":true,"href":"https:\/\/www.ondrejhalama.sk\/cs\/wp-json\/wp\/v2\/users\/1"}],"replies":[{"embeddable":true,"href":"https:\/\/www.ondrejhalama.sk\/cs\/wp-json\/wp\/v2\/comments?post=11203"}],"version-history":[{"count":1,"href":"https:\/\/www.ondrejhalama.sk\/cs\/wp-json\/wp\/v2\/pages\/11203\/revisions"}],"predecessor-version":[{"id":11205,"href":"https:\/\/www.ondrejhalama.sk\/cs\/wp-json\/wp\/v2\/pages\/11203\/revisions\/11205"}],"wp:attachment":[{"href":"https:\/\/www.ondrejhalama.sk\/cs\/wp-json\/wp\/v2\/media?parent=11203"}],"curies":[{"name":"wp","href":"https:\/\/api.w.org\/{rel}","templated":true}]}}