{"id":11294,"date":"2020-08-12T22:25:10","date_gmt":"2020-08-12T20:25:10","guid":{"rendered":"https:\/\/www.ondrejhalama.sk\/zasady-zpracovani-osobnich-udaju\/"},"modified":"2025-02-10T20:22:46","modified_gmt":"2025-02-10T19:22:46","slug":"zasady-zpracovani-osobnich-udaju","status":"publish","type":"page","link":"https:\/\/www.ondrejhalama.sk\/cs\/zasady-zpracovani-osobnich-udaju\/","title":{"rendered":"Z\u00e1sady zpracov\u00e1n\u00ed osobn\u00edch \u00fadaj\u016f"},"content":{"rendered":"\n<h2 class=\"wp-block-heading\"><strong>Z\u00e1sady zpracov\u00e1n\u00ed osobn\u00edch \u00fadaj\u016f pro webov\u00e9 str\u00e1nky ondrejhalama.sk<\/strong><\/h2>\n\n<p>Objedn\u00e1vky lze zad\u00e1vat bez registrace.<\/p>\n\n<p>Kupuj\u00edc\u00ed (je-li fyzickou osobou) je povinen ozn\u00e1mit prod\u00e1vaj\u00edc\u00edmu sv\u00e9 jm\u00e9no, p\u0159\u00edjmen\u00ed, doru\u010dovac\u00ed adresu v\u010detn\u011b PS\u010c, telefonn\u00ed \u010d\u00edslo a e-mail.<\/p>\n\n<p>Kupuj\u00edc\u00ed (je-li pr\u00e1vnickou osobou nebo podnikatelem) je povinen ozn\u00e1mit prod\u00e1vaj\u00edc\u00edmu sv\u00e9 obchodn\u00ed jm\u00e9no, adresu s\u00eddla v\u010detn\u011b PS\u010c, I\u010cO, DI\u010c nebo I\u010c DPH, telefonn\u00ed \u010d\u00edslo a e-mailovou adresu.<\/p>\n\n<p>Prod\u00e1vaj\u00edc\u00ed p\u0159i zpracov\u00e1n\u00ed osobn\u00edch \u00fadaj\u016f postupuje v souladu se z\u00e1konem \u010d. 122\/2013 Sb. o ochran\u011b osobn\u00edch \u00fadaj\u016f a zpracov\u00e1v\u00e1 pouze osobn\u00ed \u00fadaje nezbytn\u00e9 pro uzav\u0159en\u00ed spot\u0159ebitelsk\u00e9 smlouvy. <\/p>\n\n<p>\u00da\u010delem zpracov\u00e1n\u00ed osobn\u00edch \u00fadaj\u016f je jejich pou\u017eit\u00ed pro pln\u011bn\u00ed spot\u0159ebitelsk\u00e9 smlouvy, kterou prod\u00e1vaj\u00edc\u00ed uzav\u00edr\u00e1 s kupuj\u00edc\u00edm vytvo\u0159en\u00edm objedn\u00e1vky v tomto internetov\u00e9m obchod\u011b.<\/p>\n\n<p>Osobn\u00ed \u00fadaje mohou b\u00fdt poskytnuty t\u0159et\u00edm stran\u00e1m &#8211; doru\u010dovatel\u016fm (kur\u00fdr\u016fm) za \u00fa\u010delem pln\u011bn\u00ed spot\u0159ebitelsk\u00e9 smlouvy.<\/p>\n\n<p>Na z\u00e1klad\u011b p\u00edsemn\u00e9 \u017e\u00e1dosti m\u016f\u017ee kupuj\u00edc\u00ed po\u017eadovat, aby prod\u00e1vaj\u00edc\u00ed:<\/p>\n\n<p>&#8211; potvrzen\u00ed o tom, zda osobn\u00ed \u00fadaje kupuj\u00edc\u00edho jsou \u010di nejsou zpracov\u00e1v\u00e1ny,<\/p>\n\n<p>&#8211; informace o zpracov\u00e1n\u00ed osobn\u00edch \u00fadaj\u016f<\/p>\n\n<p>&#8211; seznam osobn\u00edch \u00fadaj\u016f zpracov\u00e1van\u00fdch o kupuj\u00edc\u00edm,<\/p>\n\n<p>&#8211; opravu nebo likvidaci nespr\u00e1vn\u00fdch, ne\u00fapln\u00fdch nebo neaktu\u00e1ln\u00edch osobn\u00edch \u00fadaj\u016f, kter\u00e9 jsou p\u0159edm\u011btem zpracov\u00e1n\u00ed; likvidaci osobn\u00edch \u00fadaj\u016f, jejich\u017e \u00fa\u010del zpracov\u00e1n\u00ed skon\u010dil; pokud jsou p\u0159edm\u011btem zpracov\u00e1n\u00ed \u00fa\u0159edn\u00ed dokumenty obsahuj\u00edc\u00ed osobn\u00ed \u00fadaje, m\u016f\u017ee kupuj\u00edc\u00ed po\u017e\u00e1dat o jejich vr\u00e1cen\u00ed; likvidaci sv\u00fdch osobn\u00edch \u00fadaj\u016f, kter\u00e9 jsou p\u0159edm\u011btem zpracov\u00e1n\u00ed, pokud do\u0161lo k poru\u0161en\u00ed z\u00e1kona.<\/p>\n\n<p>Kupuj\u00edc\u00ed m\u016f\u017ee na z\u00e1klad\u011b p\u00edsemn\u00e9 \u017e\u00e1dosti zaslan\u00e9 prod\u00e1vaj\u00edc\u00edmu vzn\u00e9st n\u00e1mitku proti:<\/p>\n\n<p>&#8211; zpracov\u00e1n\u00ed osobn\u00edch \u00fadaj\u016f kupuj\u00edc\u00edho, o nich\u017e se domn\u00edv\u00e1, \u017ee jsou nebo budou zpracov\u00e1v\u00e1ny pro \u00fa\u010dely p\u0159\u00edm\u00e9ho marketingu bez jeho souhlasu, a po\u017eadovat jejich likvidaci,<\/p>\n\n<p>&#8211; pou\u017eit\u00ed osobn\u00edch \u00fadaj\u016f kupuj\u00edc\u00edho pro \u00fa\u010dely p\u0159\u00edm\u00e9ho marketingu nebo poskytnut\u00ed osobn\u00edch \u00fadaj\u016f poskytnut\u00fdch pro \u00fa\u010dely p\u0159\u00edm\u00e9ho marketingu.<\/p>\n\n<p>Pokud m\u00e1 kupuj\u00edc\u00ed podez\u0159en\u00ed, \u017ee jsou jeho osobn\u00ed \u00fadaje zpracov\u00e1v\u00e1ny protipr\u00e1vn\u011b, m\u016f\u017ee podat podn\u011bt \u00da\u0159adu pro ochranu osobn\u00edch \u00fadaj\u016f k zah\u00e1jen\u00ed \u0159\u00edzen\u00ed o ochran\u011b osobn\u00edch \u00fadaj\u016f.<\/p>\n\n<p>Za \u00fa\u010delem zaji\u0161t\u011bn\u00ed spr\u00e1vn\u00e9ho fungov\u00e1n\u00ed internetov\u00e9ho obchodu m\u016f\u017ee prod\u00e1vaj\u00edc\u00ed ukl\u00e1dat na za\u0159\u00edzen\u00ed kupuj\u00edc\u00edho mal\u00e9 datov\u00e9 soubory &#8211; cookies, d\u00edky kter\u00fdm m\u016f\u017ee internetov\u00fd obchod po ur\u010ditou dobu uchov\u00e1vat \u00fadaje o aktivit\u011b a nastaven\u00ed (nap\u0159. p\u0159ihla\u0161ovac\u00ed jm\u00e9no, jazyk, velikost p\u00edsma atd.). Internetov\u00fd obchod prod\u00e1vaj\u00edc\u00edho pou\u017e\u00edv\u00e1 cookies k zapamatov\u00e1n\u00ed u\u017eivatelsk\u00fdch nastaven\u00ed kupuj\u00edc\u00edho a pro nezbytnou funk\u010dnost internetov\u00e9ho obchodu. Kupuj\u00edc\u00ed m\u016f\u017ee vymazat v\u0161echny soubory cookie ulo\u017een\u00e9 v jeho za\u0159\u00edzen\u00ed a p\u0159\u00edpadn\u011b nastavit internetov\u00fd prohl\u00ed\u017ee\u010d ve sv\u00e9m za\u0159\u00edzen\u00ed tak, aby ukl\u00e1d\u00e1n\u00ed soubor\u016f cookie zabr\u00e1nil. V takov\u00e9m p\u0159\u00edpad\u011b m\u016f\u017ee b\u00fdt Kupuj\u00edc\u00ed nucen p\u0159i op\u011btovn\u00e9 n\u00e1v\u0161t\u011bv\u011b internetov\u00e9ho obchodu ru\u010dn\u011b upravit n\u011bkter\u00e1 nastaven\u00ed a n\u011bkter\u00e9 slu\u017eby nebo funkce internetov\u00e9ho obchodu nemus\u00ed b\u00fdt funk\u010dn\u00ed.   <\/p>\n\n<p>Tyto z\u00e1sady zpracov\u00e1n\u00ed osobn\u00edch \u00fadaj\u016f jsou platn\u00e9 od 24.5.2023 do odvol\u00e1n\u00ed.<\/p>\n\n<p>Ondrejhalama.sk<\/p>\n\n<h3 class=\"wp-block-heading\"><\/h3>\n","protected":false},"excerpt":{"rendered":"<p>Z\u00e1sady zpracov\u00e1n\u00ed osobn\u00edch \u00fadaj\u016f pro webov\u00e9 str\u00e1nky ondrejhalama.sk Objedn\u00e1vky lze zad\u00e1vat bez registrace. Kupuj\u00edc\u00ed (je-li fyzickou osobou) je povinen ozn\u00e1mit prod\u00e1vaj\u00edc\u00edmu sv\u00e9 jm\u00e9no, p\u0159\u00edjmen\u00ed, doru\u010dovac\u00ed adresu v\u010detn\u011b PS\u010c, telefonn\u00ed \u010d\u00edslo a e-mail. Kupuj\u00edc\u00ed (je-li pr\u00e1vnickou osobou nebo podnikatelem) je povinen ozn\u00e1mit prod\u00e1vaj\u00edc\u00edmu sv\u00e9 obchodn\u00ed jm\u00e9no, adresu s\u00eddla v\u010detn\u011b PS\u010c, I\u010cO, DI\u010c nebo I\u010c DPH, telefonn\u00ed [&hellip;]<\/p>\n","protected":false},"author":1,"featured_media":0,"parent":0,"menu_order":0,"comment_status":"closed","ping_status":"closed","template":"","meta":{"_acf_changed":false,"footnotes":""},"class_list":["post-11294","page","type-page","status-publish","hentry"],"acf":[],"_links":{"self":[{"href":"https:\/\/www.ondrejhalama.sk\/cs\/wp-json\/wp\/v2\/pages\/11294","targetHints":{"allow":["GET"]}}],"collection":[{"href":"https:\/\/www.ondrejhalama.sk\/cs\/wp-json\/wp\/v2\/pages"}],"about":[{"href":"https:\/\/www.ondrejhalama.sk\/cs\/wp-json\/wp\/v2\/types\/page"}],"author":[{"embeddable":true,"href":"https:\/\/www.ondrejhalama.sk\/cs\/wp-json\/wp\/v2\/users\/1"}],"replies":[{"embeddable":true,"href":"https:\/\/www.ondrejhalama.sk\/cs\/wp-json\/wp\/v2\/comments?post=11294"}],"version-history":[{"count":1,"href":"https:\/\/www.ondrejhalama.sk\/cs\/wp-json\/wp\/v2\/pages\/11294\/revisions"}],"predecessor-version":[{"id":11295,"href":"https:\/\/www.ondrejhalama.sk\/cs\/wp-json\/wp\/v2\/pages\/11294\/revisions\/11295"}],"wp:attachment":[{"href":"https:\/\/www.ondrejhalama.sk\/cs\/wp-json\/wp\/v2\/media?parent=11294"}],"curies":[{"name":"wp","href":"https:\/\/api.w.org\/{rel}","templated":true}]}}