{"id":11298,"date":"2018-05-18T11:41:43","date_gmt":"2018-05-18T09:41:43","guid":{"rendered":"https:\/\/www.ondrejhalama.sk\/podminky-a-pravidla\/"},"modified":"2025-02-10T20:22:50","modified_gmt":"2025-02-10T19:22:50","slug":"podminky-a-pravidla","status":"publish","type":"page","link":"https:\/\/www.ondrejhalama.sk\/cs\/podminky-a-pravidla\/","title":{"rendered":"Podm\u00ednky a pravidla"},"content":{"rendered":"\n<p><strong>Obchodn\u00ed podm\u00ednky ondrejhalama.sk<\/strong><\/p>\n\n<p><strong>O<\/strong><strong>oobchodn\u00ed jm\u00e9no a m\u00edsto podnik\u00e1n\u00ed prod\u00e1vaj\u00edc\u00edho<\/strong><\/p>\n\n<p>Elektronick\u00fd obsah, knihy nebo jin\u00e9 zbo\u017e\u00ed na webov\u00fdch str\u00e1nk\u00e1ch ondrejhalama.sk a jejich podstr\u00e1nk\u00e1ch poskytuje Mgr. Ondrej Halama, m\u00edsto podnik\u00e1n\u00ed. <\/p>\n\n<p>Elektronick\u00fdm obsahem se pro \u00fa\u010dely t\u011bchto podm\u00ednek rozum\u00ed data vytvo\u0159en\u00e1 a poskytnut\u00e1 v elektronick\u00e9 podob\u011b, zejm\u00e9na po\u010d\u00edta\u010dov\u00e9 programy, aplikace, hry, hudba, videa nebo texty.<\/p>\n\n<p><strong>Kontaktn\u00ed \u00fadaje<\/strong><\/p>\n\n<p>E-mail: info@ondrejhalama.sk , telefon: 0949 602552<\/p>\n\n<p><strong>Objedn\u00e1vkov\u00e9, platebn\u00ed a dodac\u00ed podm\u00ednky<\/strong><\/p>\n\n<p>Chcete-li zakoupit produkty, mus\u00edte vyplnit objedn\u00e1vkov\u00fd formul\u00e1\u0159, odeslat jej a zaplatit kupn\u00ed cenu.<\/p>\n\n<p>Cena za elektronick\u00fd obsah a dal\u0161\u00ed zbo\u017e\u00ed se plat\u00ed ve dvou form\u00e1ch:<\/p>\n\n<p>&#8211; platba bankovn\u00edm p\u0159evodem p\u0159edem,<\/p>\n\n<p>&#8211; platba na dob\u00edrku.<\/p>\n\n<p>Ceny jsou uvedeny v popisu ka\u017ed\u00e9ho produktu.<\/p>\n\n<p>Elektronick\u00fd obsah je doru\u010dov\u00e1n e-mailem a hmotn\u00e9 zbo\u017e\u00ed je doru\u010dov\u00e1no po\u0161tou na adresu uvedenou kupuj\u00edc\u00edm. Hmotn\u00e9 zbo\u017e\u00ed i elektronick\u00fd obsah jsou zas\u00edl\u00e1ny po p\u0159ips\u00e1n\u00ed platby na n\u00e1\u0161 \u00fa\u010det (bu\u010f z dob\u00edrky, nebo bankovn\u00edm p\u0159evodem). Zbo\u017e\u00ed nebo elektronick\u00fd obsah jsou dod\u00e1ny do 14 dn\u016f od odesl\u00e1n\u00ed objedn\u00e1vky (v p\u0159\u00edpad\u011b platby na dob\u00edrku) nebo od zaplacen\u00ed ceny (v p\u0159\u00edpad\u011b p\u0159\u00edm\u00e9 platby). Pokud m\u00e1 z\u00e1kazn\u00edk z\u00e1jem o rychlej\u0161\u00ed dod\u00e1n\u00ed, kontaktujte n\u00e1s.   <\/p>\n\n<p><strong>St\u00ed\u017enosti<\/strong><\/p>\n\n<p>St\u00ed\u017enosti lze zas\u00edlat na adresu: info@ondrejhalama.sk. St\u00ed\u017enosti jsou obvykle vy\u0159\u00edzeny do 24 hodin. Pokud je z\u00e1le\u017eitost slo\u017eit\u011bj\u0161\u00ed, vy\u0159\u00edd\u00edme st\u00ed\u017enost do 14 dn\u016f.  <\/p>\n\n<p><strong>Pr\u00e1vo na odstoupen\u00ed od smlouvy<\/strong><\/p>\n\n<p>Z\u00e1kazn\u00edk m\u00e1 pr\u00e1vo odstoupit od smlouvy bez ud\u00e1n\u00ed d\u016fvodu do 14 dn\u016f. To neplat\u00ed pro smlouvy o prodeji knih (v\u010detn\u011b elektronick\u00fdch knih). <\/p>\n\n<p>Souhlasem se zah\u00e1jen\u00edm poskytov\u00e1n\u00ed elektronick\u00e9ho obsahu p\u0159ed uplynut\u00edm lh\u016fty pro odstoupen\u00ed od smlouvy ztr\u00e1c\u00ed spot\u0159ebitel pr\u00e1vo na odstoupen\u00ed od smlouvy. Pod\u00e1n\u00edm objedn\u00e1vky elektronick\u00e9ho obsahu spot\u0159ebitel v\u00fdslovn\u011b souhlas\u00ed se zah\u00e1jen\u00edm poskytov\u00e1n\u00ed elektronick\u00e9ho obsahu p\u0159ed uplynut\u00edm lh\u016fty pro odstoupen\u00ed od smlouvy a z\u00e1rove\u0148 pod\u00e1n\u00edm objedn\u00e1vky spot\u0159ebitel potvrzuje, \u017ee byl \u0159\u00e1dn\u011b informov\u00e1n o skute\u010dnostech uveden\u00fdch v p\u0159edchoz\u00ed v\u011bt\u011b. <\/p>\n\n<p>Formul\u00e1\u0159 pro odstoupen\u00ed od smlouvy je uveden na konci t\u011bchto podm\u00ednek.<\/p>\n\n<p>Lh\u016fta pro odstoupen\u00ed od smlouvy uplyne po 14 dnech:<\/p>\n\n<p>&#8211; uzav\u0159en\u00ed smlouvy (u elektronick\u00fdch dokument\u016f) ,<\/p>\n\n<p>&#8211; kdy\u017e vy nebo v\u00e1mi pov\u011b\u0159en\u00e1 t\u0159et\u00ed strana, jin\u00e1 ne\u017e dopravce, p\u0159evezmete zbo\u017e\u00ed (v p\u0159\u00edpad\u011b pap\u00edrov\u00fdch knih a jin\u00e9ho zbo\u017e\u00ed).<\/p>\n\n<p>P\u0159i uplatn\u011bn\u00ed pr\u00e1va na odstoupen\u00ed od smlouvy n\u00e1s pros\u00edm informujte o sv\u00e9m rozhodnut\u00ed odstoupit od t\u00e9to smlouvy jednozna\u010dn\u00fdm prohl\u00e1\u0161en\u00edm na e-mail <a href=\"mailto:infro@ondrejhalama.sk\">info@ondrejhalama.sk<\/a>, nebo na adresu Ondrej Halama, Ga\u0161tanov\u00e1 52, \u017dilina. Lh\u016fta pro odstoupen\u00ed od smlouvy je zachov\u00e1na, pokud za\u0161lete ozn\u00e1men\u00ed o uplatn\u011bn\u00ed pr\u00e1va na odstoupen\u00ed od smlouvy p\u0159ed uplynut\u00edm lh\u016fty pro odstoupen\u00ed od smlouvy. <\/p>\n\n<p><strong>D\u016fsledky odstoupen\u00ed od smlouvy<\/strong><\/p>\n\n<p>Po odstoupen\u00ed od smlouvy v\u00e1m vr\u00e1t\u00edme v\u0161echny platby, kter\u00e9 jste v souvislosti s uzav\u0159en\u00edm smlouvy uhradili, zejm\u00e9na kupn\u00ed cenu, v\u010detn\u011b n\u00e1klad\u016f na dod\u00e1n\u00ed zbo\u017e\u00ed. To se nevztahuje na dodate\u010dn\u00e9 n\u00e1klady, pokud jste si zvolili jin\u00fd zp\u016fsob doru\u010den\u00ed ne\u017e nejlevn\u011bj\u0161\u00ed b\u011b\u017en\u00fd zp\u016fsob doru\u010den\u00ed, kter\u00fd nab\u00edz\u00edme. P\u0159i odstoupen\u00ed od smlouvy nese spot\u0159ebitel pouze n\u00e1klady na vr\u00e1cen\u00ed zbo\u017e\u00ed prod\u00e1vaj\u00edc\u00edmu nebo osob\u011b pov\u011b\u0159en\u00e9 prod\u00e1vaj\u00edc\u00edm k p\u0159evzet\u00ed zbo\u017e\u00ed.  <\/p>\n\n<p>Platby v\u00e1m budou vr\u00e1ceny bez zbyte\u010dn\u00e9ho odkladu, nejpozd\u011bji do 14 dn\u016f ode dne, kdy jsme obdr\u017eeli va\u0161e ozn\u00e1men\u00ed o odstoupen\u00ed od t\u00e9to smlouvy. Budou vr\u00e1ceny stejn\u00fdm zp\u016fsobem, jak\u00fd jste pou\u017eili pro svou platbu, pokud jste v\u00fdslovn\u011b nesouhlasili s jin\u00fdm zp\u016fsobem platby, a bez uplatn\u011bn\u00ed jak\u00fdchkoli dal\u0161\u00edch poplatk\u016f. <\/p>\n\n<p>Spot\u0159ebitel odpov\u00edd\u00e1 za jak\u00e9koli sn\u00ed\u017een\u00ed hodnoty zbo\u017e\u00ed v d\u016fsledku manipulace se zbo\u017e\u00edm, kter\u00e1 p\u0159esahuje m\u00edru nezbytnou pro zji\u0161t\u011bn\u00ed vlastnost\u00ed a funk\u010dnosti zbo\u017e\u00ed.<\/p>\n\n<p><strong>Odpov\u011bdnost prod\u00e1vaj\u00edc\u00edho za vady<\/strong><\/p>\n\n<p>Prod\u00e1vaj\u00edc\u00ed odpov\u00edd\u00e1 za vady dodan\u00e9ho zbo\u017e\u00ed a elektronick\u00e9ho obsahu podle ustanoven\u00ed ob\u010dansk\u00e9ho z\u00e1kon\u00edku.<\/p>\n\n<p>Pokud se na v\u00fdrobku (zbo\u017e\u00ed) vyskytne vada, kterou lze odstranit, m\u00e1 kupuj\u00edc\u00ed pr\u00e1vo na jej\u00ed bezplatn\u00e9, v\u010dasn\u00e9 a \u0159\u00e1dn\u00e9 odstran\u011bn\u00ed. Prod\u00e1vaj\u00edc\u00ed je povinen vadu odstranit bez zbyte\u010dn\u00e9ho odkladu. Kupuj\u00edc\u00ed m\u016f\u017ee nam\u00edsto odstran\u011bn\u00ed vady po\u017eadovat v\u00fdm\u011bnu v\u011bci nebo, t\u00fdk\u00e1-li se vada pouze sou\u010d\u00e1sti v\u011bci, v\u00fdm\u011bnu sou\u010d\u00e1sti, pokud t\u00edm prod\u00e1vaj\u00edc\u00edmu nevzniknou nep\u0159im\u011b\u0159en\u00e9 n\u00e1klady vzhledem k cen\u011b v\u011bci nebo k z\u00e1va\u017enosti vady. Prod\u00e1vaj\u00edc\u00ed m\u016f\u017ee v\u017edy m\u00edsto odstran\u011bn\u00ed vady vym\u011bnit vadnou v\u011bc za bezvadnou, pokud to kupuj\u00edc\u00edmu nezp\u016fsob\u00ed z\u00e1va\u017en\u00e9 obt\u00ed\u017ee.   <\/p>\n\n<p>Vyskytne-li se vada, kterou nelze odstranit a kter\u00e1 br\u00e1n\u00ed tomu, aby v\u011bc mohla b\u00fdt \u0159\u00e1dn\u011b u\u017e\u00edv\u00e1na jako v\u011bc bez vady, m\u00e1 kupuj\u00edc\u00ed pr\u00e1vo na v\u00fdm\u011bnu v\u011bci nebo na odstoupen\u00ed od smlouvy. Stejn\u00e1 pr\u00e1va m\u00e1 kupuj\u00edc\u00ed i v p\u0159\u00edpad\u011b, \u017ee se jedn\u00e1 o vady odstraniteln\u00e9, av\u0161ak kupuj\u00edc\u00ed nem\u016f\u017ee v\u011bc \u0159\u00e1dn\u011b u\u017e\u00edvat pro op\u011btovn\u00fd v\u00fdskyt vady po oprav\u011b nebo pro v\u011bt\u0161\u00ed po\u010det vad. Jde-li o jin\u00e9 neodstraniteln\u00e9 vady, m\u00e1 kupuj\u00edc\u00ed pr\u00e1vo na p\u0159im\u011b\u0159enou slevu z ceny v\u011bci.  <\/p>\n\n<p><strong>Minim\u00e1ln\u00ed smluvn\u00ed obdob\u00ed<\/strong><\/p>\n\n<p>Kupn\u00ed smlouva uzav\u0159en\u00e1 na webov\u00fdch str\u00e1nk\u00e1ch ondrejhalama.sk a jejich podstr\u00e1nk\u00e1ch zavazuje spot\u0159ebitele a\u017e do jej\u00edho spln\u011bn\u00ed, tj. do zaplacen\u00ed a p\u0159evzet\u00ed zbo\u017e\u00ed.  <\/p>\n\n<p><strong>Vlastnosti elektronick\u00e9ho obsahu<\/strong><\/p>\n\n<p>E-knihy prod\u00e1van\u00e9 kupuj\u00edc\u00edm jsou prod\u00e1v\u00e1ny ve form\u00e1tu PDF, chr\u00e1n\u011bn\u00e9 proti kop\u00edrov\u00e1n\u00ed a s mo\u017enost\u00ed vyhled\u00e1v\u00e1n\u00ed. Zakoupen\u00e1 e-kniha je ozna\u010dena jm\u00e9nem z\u00e1kazn\u00edka (obvykle na prvn\u00ed stran\u011b, kde jsou uvedeny \u00fadaje o vydavateli). <\/p>\n\n<p><strong>\u0158e\u0161en\u00ed spor\u016f<\/strong><\/p>\n\n<p>Nebyla-li reklamace nebo st\u00ed\u017enost vy\u0159\u00edzena ve v\u00fd\u0161e uveden\u00e9 lh\u016ft\u011b, m\u016f\u017ee kupuj\u00edc\u00ed spory vypl\u00fdvaj\u00edc\u00ed ze spot\u0159ebitelsk\u00fdch vztah\u016f mezi prod\u00e1vaj\u00edc\u00edm a kupuj\u00edc\u00edm \u0159e\u0161it prost\u0159ednictv\u00edm Asociace ochrany pr\u00e1v ob\u010dan\u016f &#8211; AVES, p\u0159\u00edpadn\u011b prost\u0159ednictv\u00edm jin\u00e9ho <a href=\"https:\/\/www.mhsr.sk\/obchod\/ochrana-spotrebitela\/alternativne-riesenie-spotrebitelskych-sporov-1\/zoznam-subjektov-alternativneho-riesenia-spotrebitelskych-sporov-1?csrt=17029081736281883318\" target=\"_blank\" rel=\"noreferrer noopener\">zde<\/a> uveden\u00e9ho subjektu alternativn\u00edho \u0159e\u0161en\u00ed spor\u016f. Spory mohou b\u00fdt \u0159e\u0161eny tak\u00e9 prost\u0159ednictv\u00edm obecn\u00fdch soud\u016f Slovensk\u00e9 republiky. <\/p>\n\n<p>Org\u00e1nem dozoru nad ochranou spot\u0159ebitele je Inspektor\u00e1t SOI pro \u017dilinsk\u00fd kraj, Predmestsk\u00e1 71, P.O. Box B-89; 011 79 \u017dilina.<\/p>\n\n<p><strong>Formul\u00e1\u0159 pro odstoupen\u00ed od smlouvy<\/strong><\/p>\n\n<p>VZOROV\u00dd FORMUL\u00c1\u0158 PRO ODSTOUPEN\u00cd OD SMLOUVY<\/p>\n\n<p><a><\/a>(tento formul\u00e1\u0159 vypl\u0148te a ode\u0161lete pouze v p\u0159\u00edpad\u011b, \u017ee si p\u0159ejete odstoupit od smlouvy)<\/p>\n\n<p><a><\/a>&#8211; Komu &#8230;&#8230;&#8230;&#8230;.. [Prod\u00e1vaj\u00edc\u00ed dopln\u00ed sv\u00e9 jm\u00e9no, p\u0159\u00edjmen\u00ed a adresu m\u00edsta podnik\u00e1n\u00ed, jde-li o fyzickou osobu, kter\u00e1 je podnikatelem, obchodn\u00ed firmu a s\u00eddlo nebo m\u00edsto podnik\u00e1n\u00ed, jde-li o pr\u00e1vnickou osobu, nebo \u010d\u00edslo faxu a e-mailovou adresu]:<\/p>\n\n<p><a><\/a>&#8211; T\u00edmto oznamuji\/oznamujeme*, \u017ee odstupuji\/odstupujeme od smlouvy na n\u00e1sleduj\u00edc\u00ed zbo\u017e\u00ed\/slu\u017ebu* : &#8230;&#8230;&#8230;&#8230;&#8230;<\/p>\n\n<p><a><\/a>&#8211; Datum objedn\u00e1n\u00ed\/datum p\u0159ijet\u00ed* &#8230;&#8230;&#8230;&#8230;..<\/p>\n\n<p><a><\/a>&#8211; Jm\u00e9no a p\u0159\u00edjmen\u00ed spot\u0159ebitele (spot\u0159ebitel\u016f)* &#8230;&#8230;&#8230;&#8230;..<\/p>\n\n<p><a><\/a>&#8211; Adresa spot\u0159ebitele (spot\u0159ebitel\u016f)* &#8230;&#8230;&#8230;&#8230;..<\/p>\n\n<p><a><\/a>&#8211; Podpis spot\u0159ebitele (spot\u0159ebitel\u016f)* (pouze v p\u0159\u00edpad\u011b, \u017ee je tento formul\u00e1\u0159 pod\u00e1v\u00e1n v pap\u00edrov\u00e9 podob\u011b) &#8230;&#8230;&#8230;&#8230;..<\/p>\n\n<p><a><\/a>&#8211; Datum &#8230;&#8230;&#8230;&#8230;..<\/p>\n\n<p><a><\/a>* Nehod\u00edc\u00ed se \u0161krtn\u011bte.<\/p>\n\n<p>Tyto podm\u00ednky jsou platn\u00e9 od 23.05.2023 do odvol\u00e1n\u00ed.<\/p>\n\n<p>Ondrejhalama.sk<\/p>\n","protected":false},"excerpt":{"rendered":"<p>Obchodn\u00ed podm\u00ednky ondrejhalama.sk Ooobchodn\u00ed jm\u00e9no a m\u00edsto podnik\u00e1n\u00ed prod\u00e1vaj\u00edc\u00edho Elektronick\u00fd obsah, knihy nebo jin\u00e9 zbo\u017e\u00ed na webov\u00fdch str\u00e1nk\u00e1ch ondrejhalama.sk a jejich podstr\u00e1nk\u00e1ch poskytuje Mgr. Ondrej Halama, m\u00edsto podnik\u00e1n\u00ed. Elektronick\u00fdm obsahem se pro \u00fa\u010dely t\u011bchto podm\u00ednek rozum\u00ed data vytvo\u0159en\u00e1 a poskytnut\u00e1 v elektronick\u00e9 podob\u011b, zejm\u00e9na po\u010d\u00edta\u010dov\u00e9 programy, aplikace, hry, hudba, videa nebo texty. Kontaktn\u00ed \u00fadaje E-mail: [&hellip;]<\/p>\n","protected":false},"author":1,"featured_media":0,"parent":0,"menu_order":0,"comment_status":"closed","ping_status":"closed","template":"","meta":{"_acf_changed":false,"footnotes":""},"class_list":["post-11298","page","type-page","status-publish","hentry"],"acf":[],"_links":{"self":[{"href":"https:\/\/www.ondrejhalama.sk\/cs\/wp-json\/wp\/v2\/pages\/11298","targetHints":{"allow":["GET"]}}],"collection":[{"href":"https:\/\/www.ondrejhalama.sk\/cs\/wp-json\/wp\/v2\/pages"}],"about":[{"href":"https:\/\/www.ondrejhalama.sk\/cs\/wp-json\/wp\/v2\/types\/page"}],"author":[{"embeddable":true,"href":"https:\/\/www.ondrejhalama.sk\/cs\/wp-json\/wp\/v2\/users\/1"}],"replies":[{"embeddable":true,"href":"https:\/\/www.ondrejhalama.sk\/cs\/wp-json\/wp\/v2\/comments?post=11298"}],"version-history":[{"count":1,"href":"https:\/\/www.ondrejhalama.sk\/cs\/wp-json\/wp\/v2\/pages\/11298\/revisions"}],"predecessor-version":[{"id":11300,"href":"https:\/\/www.ondrejhalama.sk\/cs\/wp-json\/wp\/v2\/pages\/11298\/revisions\/11300"}],"wp:attachment":[{"href":"https:\/\/www.ondrejhalama.sk\/cs\/wp-json\/wp\/v2\/media?parent=11298"}],"curies":[{"name":"wp","href":"https:\/\/api.w.org\/{rel}","templated":true}]}}