{"id":9320,"date":"2023-11-15T13:30:01","date_gmt":"2023-11-15T12:30:01","guid":{"rendered":"https:\/\/www.ondrejhalama.sk\/?post_type=product&#038;p=9320"},"modified":"2026-04-23T07:55:25","modified_gmt":"2026-04-23T05:55:25","slug":"navrh-na-vklad-vzor","status":"publish","type":"product","link":"https:\/\/www.ondrejhalama.sk\/cs\/sluzba\/navrh-na-vklad-vzor\/","title":{"rendered":"N\u00e1vrh na vklad (vzor)"},"content":{"rendered":"<p>N\u00e1vrh na vklad je \u017eiados\u0165, ktorou \u017eiadame kataster, aby na z\u00e1klade zmluvy zap\u00edsal do katastra nov\u00e9 \u00fadaje (napr. nov\u00e9ho vlastn\u00edka, ktor\u00fd k\u00fapil pozemok). Naj\u010dastej\u0161ie ide o z\u00e1pis k\u00fapnej zmluvy, darovacej zmluvy, z\u00e1lo\u017enej zmluvy\u00a0 alebo o z\u00e1pis zmluvy o vecnom bremene.<\/p>\n<p>&nbsp;<\/p>\n<p>&nbsp;<\/p>\n","protected":false},"excerpt":{"rendered":"<p>N\u00e1vrh na vklad mus\u00ed obsahova\u0165 mno\u017estvo \u00fadajov (men\u00e1, priezviska, rodn\u00e9 \u010d\u00edsla at\u010f.) a pr\u00edlohy, ktor\u00e9 predpisuje <a href=\"https:\/\/www.google.com\/search?q=katastr%C3%A1lny+z%C3%A1kon+halama&amp;oq=katastr%C3%A1lny+z%C3%A1kon+halama&amp;gs_lcrp=EgZjaHJvbWUyBggAEEUYOTIKCAEQABiiBBiJBTIHCAIQABiiBDIKCAMQABiiBBiJBTIHCAQQABiiBDIGCAUQRRg80gEINDIyOWowajeoAgCwAgA&amp;sourceid=chrome&amp;ie=UTF-8\">katastr\u00e1lny z\u00e1kon<\/a>.\u00a0N\u00e1vrh sa pod\u00e1va na pr\u00edslu\u0161n\u00fd okresn\u00fd \u00farad &#8211; na okresn\u00fd \u00farad v ktor\u00e9ho \u00fazemnom obvode le\u017eia dotknut\u00e9 nehnute\u013enosti.\u00a0Podpisy v n\u00e1vrhu na vklad nie je potrebn\u00e9 \u00faradne osved\u010di\u0165.<\/p>\n<p>N\u00e1vrh na vklad mo\u017eno poda\u0165 v papierovej forme aj elektronicky. \u0160tandardn\u00fd poplatok za papierov\u00fd n\u00e1vrh na vklad je 66 eur (pokia\u013e zmluva neobsahuje viac druhov pr\u00e1vnych \u00fakonov). Od 1,4,2024 m\u00e1 by\u0165 z\u00e1kladn\u00fd poplatok 100 eur.<\/p>\n<p>Za ur\u00fdchlen\u00e9 konanie o n\u00e1vrhu na vklad sa plat\u00ed vy\u0161\u0161\u00ed poplatok. Viac o v\u00fd\u0161ke poplatkov je uveden\u00e9 v <a href=\"https:\/\/www.zakonypreludi.sk\/zz\/1995-145\">z\u00e1kone o spr\u00e1vnych poplatkoch<\/a>.<\/p>\n","protected":false},"author":2,"featured_media":8721,"template":"","meta":{"_acf_changed":false},"product_brand":[],"product_cat":[235,133],"product_tag":[],"class_list":{"0":"post-9320","1":"product","2":"type-product","3":"status-publish","4":"has-post-thumbnail","6":"product_cat-zmluvy-vzory-pre-kataster-2","7":"product_cat-ziadosti","9":"first","10":"instock","11":"downloadable","12":"virtual","13":"purchasable","14":"product-type-simple"},"acf":[],"_links":{"self":[{"href":"https:\/\/www.ondrejhalama.sk\/cs\/wp-json\/wp\/v2\/product\/9320","targetHints":{"allow":["GET"]}}],"collection":[{"href":"https:\/\/www.ondrejhalama.sk\/cs\/wp-json\/wp\/v2\/product"}],"about":[{"href":"https:\/\/www.ondrejhalama.sk\/cs\/wp-json\/wp\/v2\/types\/product"}],"author":[{"embeddable":true,"href":"https:\/\/www.ondrejhalama.sk\/cs\/wp-json\/wp\/v2\/users\/2"}],"wp:featuredmedia":[{"embeddable":true,"href":"https:\/\/www.ondrejhalama.sk\/cs\/wp-json\/wp\/v2\/media\/8721"}],"wp:attachment":[{"href":"https:\/\/www.ondrejhalama.sk\/cs\/wp-json\/wp\/v2\/media?parent=9320"}],"wp:term":[{"taxonomy":"product_brand","embeddable":true,"href":"https:\/\/www.ondrejhalama.sk\/cs\/wp-json\/wp\/v2\/product_brand?post=9320"},{"taxonomy":"product_cat","embeddable":true,"href":"https:\/\/www.ondrejhalama.sk\/cs\/wp-json\/wp\/v2\/product_cat?post=9320"},{"taxonomy":"product_tag","embeddable":true,"href":"https:\/\/www.ondrejhalama.sk\/cs\/wp-json\/wp\/v2\/product_tag?post=9320"}],"curies":[{"name":"wp","href":"https:\/\/api.w.org\/{rel}","templated":true}]}}