{"id":11287,"date":"2020-08-12T22:25:10","date_gmt":"2020-08-12T20:25:10","guid":{"rendered":"https:\/\/www.ondrejhalama.sk\/grundsaetze-der-verarbeitung-personenbezogener-daten\/"},"modified":"2025-02-10T20:22:46","modified_gmt":"2025-02-10T19:22:46","slug":"grundsaetze-der-verarbeitung-personenbezogener-daten","status":"publish","type":"page","link":"https:\/\/www.ondrejhalama.sk\/de\/grundsaetze-der-verarbeitung-personenbezogener-daten\/","title":{"rendered":"Grunds\u00e4tze der Verarbeitung personenbezogener Daten"},"content":{"rendered":"\n<h2 class=\"wp-block-heading\"><strong>Richtlinie zur Verarbeitung personenbezogener Daten f\u00fcr die Website ondrejhalama.sk<\/strong><\/h2>\n\n<p>Bestellungen k\u00f6nnen ohne Registrierung aufgegeben werden.<\/p>\n\n<p>Der K\u00e4ufer (falls es sich um eine nat\u00fcrliche Person handelt) muss dem Verk\u00e4ufer seinen Vor- und Nachnamen, seine Lieferadresse einschlie\u00dflich Postleitzahl, Telefonnummer und E-Mail mitteilen.<\/p>\n\n<p>Der K\u00e4ufer (falls es sich um eine juristische Person oder einen Unternehmer handelt) teilt dem Verk\u00e4ufer seinen Firmennamen, seine Gesch\u00e4ftsanschrift einschlie\u00dflich Postleitzahl, seine Umsatzsteuer-Identifikationsnummer, seine Umsatzsteuer-Identifikationsnummer oder seine Umsatzsteuer-Identifikationsnummer, seine Telefonnummer und seine E-Mail-Adresse mit.<\/p>\n\n<p>Bei der Verarbeitung personenbezogener Daten geht der Verk\u00e4ufer in \u00dcbereinstimmung mit dem Gesetz Nr. 122\/2013 \u00fcber den Schutz personenbezogener Daten vor und verarbeitet nur personenbezogene Daten, die f\u00fcr den Abschluss eines Verbrauchervertrags erforderlich sind. <\/p>\n\n<p>Der Zweck der Verarbeitung personenbezogener Daten besteht darin, sie f\u00fcr die Erf\u00fcllung des Verbrauchervertrags zu verwenden, den der Verk\u00e4ufer mit dem K\u00e4ufer durch die Erstellung einer Bestellung in diesem Online-Shop abschlie\u00dft.<\/p>\n\n<p>Personenbezogene Daten k\u00f6nnen an dritte Lieferunternehmen (Kuriere) zum Zweck der Erf\u00fcllung des Verbrauchervertrags weitergegeben werden.<\/p>\n\n<p>Auf schriftliche Anfrage kann der K\u00e4ufer vom Verk\u00e4ufer verlangen:<\/p>\n\n<p>&#8211; die Best\u00e4tigung, ob die personenbezogenen Daten des K\u00e4ufers verarbeitet werden oder nicht,<\/p>\n\n<p>&#8211; Informationen \u00fcber die Verarbeitung von personenbezogenen Daten<\/p>\n\n<p>&#8211; eine Liste der personenbezogenen Daten, die \u00fcber den K\u00e4ufer verarbeitet werden,<\/p>\n\n<p>&#8211; die Berichtigung oder L\u00f6schung unrichtiger, unvollst\u00e4ndiger oder veralteter personenbezogener Daten, die Gegenstand der Verarbeitung sind; die L\u00f6schung personenbezogener Daten, deren Verarbeitungszweck beendet ist; wenn amtliche Dokumente, die personenbezogene Daten enthalten, Gegenstand der Verarbeitung sind, kann der K\u00e4ufer deren R\u00fcckgabe verlangen; die L\u00f6schung seiner personenbezogenen Daten, die Gegenstand der Verarbeitung sind, wenn ein Gesetzesversto\u00df vorliegt.<\/p>\n\n<p>Der K\u00e4ufer kann auf schriftlichen Antrag an den Verk\u00e4ufer Einspruch erheben:<\/p>\n\n<p>&#8211; die Verarbeitung der personenbezogenen Daten des K\u00e4ufers, von denen er glaubt, dass sie ohne seine Zustimmung zu Zwecken des Direktmarketings verarbeitet werden oder werden sollen, und um ihre Vernichtung zu bitten,<\/p>\n\n<p>&#8211; die Verwendung der personenbezogenen Daten des K\u00e4ufers f\u00fcr Direktmarketingzwecke oder die Bereitstellung der f\u00fcr Direktmarketingzwecke bereitgestellten personenbezogenen Daten.<\/p>\n\n<p>Wenn der K\u00e4ufer den Verdacht hat, dass seine personenbezogenen Daten unrechtm\u00e4\u00dfig verarbeitet werden, kann er beim Amt f\u00fcr den Schutz personenbezogener Daten einen Antrag auf Einleitung eines Verfahrens zum Schutz personenbezogener Daten stellen.<\/p>\n\n<p>Um das ordnungsgem\u00e4\u00dfe Funktionieren des Online-Shops zu gew\u00e4hrleisten, kann der Verk\u00e4ufer kleine Datendateien &#8211; Cookies &#8211; auf dem Ger\u00e4t des K\u00e4ufers speichern, dank derer der Online-Shop Daten \u00fcber die Aktivit\u00e4t und die Einstellungen (z.B. Login-Name, Sprache, Schriftgr\u00f6\u00dfe usw.) f\u00fcr einen bestimmten Zeitraum speichern kann. Der Online-Shop des Verk\u00e4ufers verwendet Cookies, um sich die Benutzereinstellungen des K\u00e4ufers zu merken und f\u00fcr die notwendige Funktionalit\u00e4t des Online-Shops. Der K\u00e4ufer kann alle auf seinem Ger\u00e4t gespeicherten Cookies l\u00f6schen und ggf. den Internetbrowser auf seinem Ger\u00e4t so einstellen, dass die Speicherung von Cookies verhindert wird. In diesem Fall muss der K\u00e4ufer bei einem erneuten Besuch des Online-Shops m\u00f6glicherweise einige Einstellungen manuell vornehmen und einige Dienste oder Funktionen des Online-Shops sind m\u00f6glicherweise nicht funktionsf\u00e4hig.   <\/p>\n\n<p>Diese Richtlinie zur Verarbeitung personenbezogener Daten ist ab dem 24.5.2023 bis auf Widerruf g\u00fcltig.<\/p>\n\n<p>Ondrejhalama.sk<\/p>\n\n<h3 class=\"wp-block-heading\"><\/h3>\n","protected":false},"excerpt":{"rendered":"<p>Richtlinie zur Verarbeitung personenbezogener Daten f\u00fcr die Website ondrejhalama.sk Bestellungen k\u00f6nnen ohne Registrierung aufgegeben werden. Der K\u00e4ufer (falls es sich um eine nat\u00fcrliche Person handelt) muss dem Verk\u00e4ufer seinen Vor- und Nachnamen, seine Lieferadresse einschlie\u00dflich Postleitzahl, Telefonnummer und E-Mail mitteilen. Der K\u00e4ufer (falls es sich um eine juristische Person oder einen Unternehmer handelt) teilt dem [&hellip;]<\/p>\n","protected":false},"author":1,"featured_media":0,"parent":0,"menu_order":0,"comment_status":"closed","ping_status":"closed","template":"","meta":{"_acf_changed":false,"footnotes":""},"class_list":["post-11287","page","type-page","status-publish","hentry"],"acf":[],"_links":{"self":[{"href":"https:\/\/www.ondrejhalama.sk\/de\/wp-json\/wp\/v2\/pages\/11287","targetHints":{"allow":["GET"]}}],"collection":[{"href":"https:\/\/www.ondrejhalama.sk\/de\/wp-json\/wp\/v2\/pages"}],"about":[{"href":"https:\/\/www.ondrejhalama.sk\/de\/wp-json\/wp\/v2\/types\/page"}],"author":[{"embeddable":true,"href":"https:\/\/www.ondrejhalama.sk\/de\/wp-json\/wp\/v2\/users\/1"}],"replies":[{"embeddable":true,"href":"https:\/\/www.ondrejhalama.sk\/de\/wp-json\/wp\/v2\/comments?post=11287"}],"version-history":[{"count":1,"href":"https:\/\/www.ondrejhalama.sk\/de\/wp-json\/wp\/v2\/pages\/11287\/revisions"}],"predecessor-version":[{"id":11289,"href":"https:\/\/www.ondrejhalama.sk\/de\/wp-json\/wp\/v2\/pages\/11287\/revisions\/11289"}],"wp:attachment":[{"href":"https:\/\/www.ondrejhalama.sk\/de\/wp-json\/wp\/v2\/media?parent=11287"}],"curies":[{"name":"wp","href":"https:\/\/api.w.org\/{rel}","templated":true}]}}