{"id":11288,"date":"2018-05-18T11:41:43","date_gmt":"2018-05-18T09:41:43","guid":{"rendered":"https:\/\/www.ondrejhalama.sk\/bedingungen-und-konditionen\/"},"modified":"2025-02-10T20:22:49","modified_gmt":"2025-02-10T19:22:49","slug":"bedingungen-und-konditionen","status":"publish","type":"page","link":"https:\/\/www.ondrejhalama.sk\/de\/bedingungen-und-konditionen\/","title":{"rendered":"Bedingungen und Konditionen"},"content":{"rendered":"\n<p><strong>Allgemeine Gesch\u00e4ftsbedingungen von ondrejhalama.sk<\/strong><\/p>\n\n<p><strong>O<\/strong><strong>omnibusname und Gesch\u00e4ftssitz des Verk\u00e4ufers<\/strong><\/p>\n\n<p>Elektronische Inhalte, B\u00fccher oder andere Waren auf der Website ondrejhalama.sk und ihren Unterseiten werden von Mgr. Ondrej Halama, Sitz der Gesellschaft. <\/p>\n\n<p>Elektronische Inhalte im Sinne dieser Bedingungen sind Daten, die in elektronischer Form erstellt und bereitgestellt werden, insbesondere Computerprogramme, Anwendungen, Spiele, Musik, Videos oder Texte.<\/p>\n\n<p><strong>Kontaktangaben<\/strong><\/p>\n\n<p>E-Mail: info@ondrejhalama.sk , Telefon: 0949 602552<\/p>\n\n<p><strong>Bestell-, Zahlungs- und Lieferbedingungen<\/strong><\/p>\n\n<p>Um Produkte zu kaufen, m\u00fcssen Sie das Bestellformular ausf\u00fcllen, es abschicken und den Kaufpreis bezahlen.<\/p>\n\n<p>Der Preis f\u00fcr elektronische Inhalte und andere Waren wird in zwei Formen gezahlt:<\/p>\n\n<p>&#8211; Zahlung per Bank\u00fcberweisung im Voraus,<\/p>\n\n<p>&#8211; Zahlung bei Lieferung.<\/p>\n\n<p>Die Preise sind in der Beschreibung der einzelnen Produkte aufgef\u00fchrt.<\/p>\n\n<p>Die elektronischen Inhalte werden per E-Mail und die materiellen G\u00fcter per Post an die vom K\u00e4ufer angegebene Adresse geliefert. Sowohl die materiellen Waren als auch die elektronischen Inhalte werden versandt, nachdem die Zahlung auf unserem Konto gutgeschrieben wurde (entweder per Nachnahme oder Bank\u00fcberweisung). Die Waren oder elektronischen Inhalte werden innerhalb von 14 Tagen nach Versand der Bestellung (bei Zahlung per Nachnahme) oder nach Zahlung des Preises (bei direkter Zahlung) geliefert. Wenn der Kunde an einer schnelleren Lieferung interessiert ist, kontaktieren Sie uns bitte.   <\/p>\n\n<p><strong>Reklamationen<\/strong><\/p>\n\n<p>Beschwerden k\u00f6nnen gesendet werden an: info@ondrejhalama.sk. Beschwerden werden in der Regel innerhalb von 24 Stunden bearbeitet. Wenn die Angelegenheit komplexer ist, werden wir die Beschwerde innerhalb von 14 Tagen bearbeiten.  <\/p>\n\n<p><strong>Recht auf Widerruf<\/strong><\/p>\n\n<p>Der Kunde hat das Recht, innerhalb von 14 Tagen ohne Angabe von Gr\u00fcnden vom Vertrag zur\u00fcckzutreten. Dies gilt nicht f\u00fcr Vertr\u00e4ge \u00fcber den Verkauf von B\u00fcchern (einschlie\u00dflich E-Books). <\/p>\n\n<p>Durch die Zustimmung zum Beginn der Bereitstellung elektronischer Inhalte vor Ablauf der Widerrufsfrist verliert der Verbraucher das Recht, vom Vertrag zur\u00fcckzutreten. Mit der Bestellung elektronischer Inhalte stimmt der Verbraucher ausdr\u00fccklich zu, dass mit der Bereitstellung elektronischer Inhalte vor Ablauf der Widerrufsfrist begonnen wird. Gleichzeitig best\u00e4tigt der Verbraucher mit der Bestellung, dass er ordnungsgem\u00e4\u00df \u00fcber die im vorstehenden Satz genannten Tatsachen informiert wurde. <\/p>\n\n<p>Das Widerrufsformular finden Sie am Ende dieser Bedingungen.<\/p>\n\n<p>Die Widerrufsfrist l\u00e4uft 14 Tage danach ab:<\/p>\n\n<p>&#8211; den Vertragsabschluss (bei E-Dokumenten) ,<\/p>\n\n<p>&#8211; wenn Sie oder ein von Ihnen beauftragter Dritter, der nicht der Spediteur ist, die Waren in Empfang nimmt (bei B\u00fcchern und anderen Waren auf Papier).<\/p>\n\n<p>Wenn Sie von Ihrem Widerrufsrecht Gebrauch machen wollen, informieren Sie uns bitte \u00fcber Ihren Entschluss, diesen Vertrag zu widerrufen, durch eine eindeutige Erkl\u00e4rung an die E-Mail <a href=\"mailto:infro@ondrejhalama.sk\">info@ondrejhalama.sk<\/a> oder an die Adresse Ondrej Halama, Ga\u0161tanov\u00e1 52, \u017dilina. Die Widerrufsfrist ist gewahrt, wenn Sie eine Mitteilung \u00fcber die Aus\u00fcbung des Widerrufsrechts vor Ablauf der Widerrufsfrist absenden. <\/p>\n\n<p><strong>Folgen des R\u00fcckzugs<\/strong><\/p>\n\n<p>Wenn Sie den Vertrag widerrufen, erstatten wir Ihnen alle Zahlungen, die Sie im Zusammenhang mit dem Vertragsabschluss geleistet haben, insbesondere den Kaufpreis, einschlie\u00dflich der Kosten f\u00fcr die Lieferung der Waren an Sie. Dies gilt nicht f\u00fcr zus\u00e4tzliche Kosten, wenn Sie eine andere als die von uns angebotene g\u00fcnstigste normale Lieferart gew\u00e4hlt haben. Bei einem R\u00fccktritt vom Vertrag tr\u00e4gt der Verbraucher nur die Kosten f\u00fcr die R\u00fccksendung der Waren an den Verk\u00e4ufer oder an die vom Verk\u00e4ufer zur Entgegennahme der Waren erm\u00e4chtigte Person.  <\/p>\n\n<p>Sie haben die Zahlungen unverz\u00fcglich und sp\u00e4testens binnen vierzehn Tagen ab dem Tag, an dem die Mitteilung \u00fcber Ihren Widerruf dieses Vertrags bei uns eingegangen ist, unter Verwendung desselben Zahlungsmittels, das Sie bei der Zahlung eingesetzt haben, zur\u00fcckzuzahlen, es sei denn, mit Ihnen wurde ausdr\u00fccklich etwas anderes vereinbart; in keinem Fall werden Ihnen wegen dieser R\u00fcckzahlung Entgelte berechnet. <\/p>\n\n<p>Der Verbraucher haftet f\u00fcr einen etwaigen Wertverlust der Waren, der auf einen Umgang mit den Waren zur\u00fcckzuf\u00fchren ist, der \u00fcber das hinausgeht, was zur Feststellung der Eigenschaften und der Funktionsweise der Waren erforderlich ist.<\/p>\n\n<p><strong>Die Haftung des Verk\u00e4ufers f\u00fcr M\u00e4ngel<\/strong><\/p>\n\n<p>Der Verk\u00e4ufer haftet f\u00fcr M\u00e4ngel an den gelieferten Waren und elektronischen Inhalten gem\u00e4\u00df den Bestimmungen des B\u00fcrgerlichen Gesetzbuches.<\/p>\n\n<p>Wenn das Produkt (die Ware) einen Mangel aufweist, der behoben werden kann, hat der K\u00e4ufer das Recht, diesen Mangel kostenlos, rechtzeitig und ordnungsgem\u00e4\u00df beheben zu lassen. Der Verk\u00e4ufer ist verpflichtet, den Mangel unverz\u00fcglich zu beseitigen. Anstelle der Beseitigung des Mangels kann der K\u00e4ufer den Ersatz der Sache oder, wenn der Mangel nur einen Teil der Sache betrifft, den Ersatz des Teils verlangen, wenn dies f\u00fcr den Verk\u00e4ufer keine unverh\u00e4ltnism\u00e4\u00dfigen Kosten im Verh\u00e4ltnis zum Preis der Sache oder der Schwere des Mangels verursacht. Der Verk\u00e4ufer kann die mangelhafte Sache immer durch eine einwandfreie Sache ersetzen, anstatt den Mangel zu beseitigen, wenn dies f\u00fcr den K\u00e4ufer nicht mit erheblichen Unannehmlichkeiten verbunden ist.   <\/p>\n\n<p>Liegt ein Mangel vor, der nicht behoben werden kann und der verhindert, dass die Sache ordnungsgem\u00e4\u00df als mangelfreie Sache genutzt werden kann, hat der K\u00e4ufer das Recht, die Sache ersetzen zu lassen oder vom Vertrag zur\u00fcckzutreten. Die gleichen Rechte stehen dem K\u00e4ufer zu, wenn die M\u00e4ngel zwar behebbar sind, der K\u00e4ufer die Sache aber wegen des erneuten Auftretens des Mangels nach der Reparatur oder wegen einer gr\u00f6\u00dferen Anzahl von M\u00e4ngeln nicht ordnungsgem\u00e4\u00df nutzen kann. Bei anderen nicht behebbaren M\u00e4ngeln hat der K\u00e4ufer Anspruch auf einen angemessenen Preisnachlass auf den Artikel.  <\/p>\n\n<p><strong>Mindestvertragslaufzeit<\/strong><\/p>\n\n<p>Der auf der Website ondrejhalama.sk und ihren Unterseiten abgeschlossene Kaufvertrag bindet den Verbraucher bis zu seiner Erf\u00fcllung, d.h. bis zur Bezahlung und Annahme der Ware.  <\/p>\n\n<p><strong>Merkmale der elektronischen Inhalte<\/strong><\/p>\n\n<p>Die vom K\u00e4ufer verkauften E-Books werden im PDF-Format verkauft, kopiergesch\u00fctzt und durchsuchbar. Das gekaufte E-Book ist mit dem Namen des Kunden gekennzeichnet (in der Regel auf der ersten Seite, auf der die Verlagsangaben zu finden sind). <\/p>\n\n<p><strong>Streitschlichtung<\/strong><\/p>\n\n<p>Wenn die Forderung oder Beschwerde nicht innerhalb der oben genannten Frist beigelegt wurde, k\u00f6nnen Streitigkeiten, die sich aus den Verbraucherbeziehungen zwischen dem Verk\u00e4ufer und dem K\u00e4ufer ergeben, vom K\u00e4ufer \u00fcber die Vereinigung zum Schutz der B\u00fcrgerrechte &#8211; AVES oder \u00fcber eine andere <a href=\"https:\/\/www.mhsr.sk\/obchod\/ochrana-spotrebitela\/alternativne-riesenie-spotrebitelskych-sporov-1\/zoznam-subjektov-alternativneho-riesenia-spotrebitelskych-sporov-1?csrt=17029081736281883318\" target=\"_blank\" rel=\"noreferrer noopener\">hier<\/a> aufgef\u00fchrte alternative Streitbeilegungsstelle beigelegt werden. Streitigkeiten k\u00f6nnen auch durch die allgemeinen Gerichte der Slowakischen Republik beigelegt werden. <\/p>\n\n<p>Die Aufsichtsbeh\u00f6rde f\u00fcr den Verbraucherschutz ist das SOI Inspektorat f\u00fcr die Region \u017dilina, Predmestsk\u00e1 71, Postfach B-89; 011 79 \u017dilina.<\/p>\n\n<p><strong>R\u00fccktrittsformular<\/strong><\/p>\n\n<p>MUSTER-WIDERRUFSFORMULAR<\/p>\n\n<p><a><\/a>(f\u00fcllen Sie dieses Formular nur aus, wenn Sie den Vertrag widerrufen wollen)<\/p>\n\n<p><a><\/a>&#8211; An wen &#8230;&#8230;&#8230;&#8230;.. [Der Verk\u00e4ufer f\u00fcgt seinen Namen, Vornamen und die Anschrift des Gesch\u00e4ftssitzes hinzu, wenn es sich um eine nat\u00fcrliche Person handelt, die ein Unternehmer ist, oder die Firma und den eingetragenen Firmensitz oder Gesch\u00e4ftssitz, wenn es sich um eine juristische Person handelt, oder die Faxnummer und die E-Mail-Adresse]:<\/p>\n\n<p><a><\/a>&#8211; Hiermit widerrufe(n) ich\/wir* den Vertrag \u00fcber die folgende Ware\/Dienstleistung*: &#8230;&#8230;&#8230;&#8230;..<\/p>\n\n<p><a><\/a>&#8211; Bestelldatum\/Empfangsdatum* &#8230;&#8230;&#8230;&#8230;..<\/p>\n\n<p><a><\/a>&#8211; Vor- und Nachname des\/der Verbraucher(s)* &#8230;&#8230;&#8230;&#8230;..<\/p>\n\n<p><a><\/a>&#8211; Adresse des\/der Verbraucher(s)* &#8230;&#8230;&#8230;&#8230;..<\/p>\n\n<p><a><\/a>&#8211; Unterschrift des\/der Verbraucher(s)* (nur wenn dieses Formular in Papierform eingereicht wird) &#8230;&#8230;&#8230;&#8230;..<\/p>\n\n<p><a><\/a>&#8211; Datum &#8230;&#8230;&#8230;&#8230;..<\/p>\n\n<p><a><\/a>* Streichen Sie diejenigen, die nicht zutreffend sind.<\/p>\n\n<p>Diese Bedingungen sind ab dem 23.05.2023 bis auf Widerruf g\u00fcltig.<\/p>\n\n<p>Ondrejhalama.sk<\/p>\n","protected":false},"excerpt":{"rendered":"<p>Allgemeine Gesch\u00e4ftsbedingungen von ondrejhalama.sk Oomnibusname und Gesch\u00e4ftssitz des Verk\u00e4ufers Elektronische Inhalte, B\u00fccher oder andere Waren auf der Website ondrejhalama.sk und ihren Unterseiten werden von Mgr. Ondrej Halama, Sitz der Gesellschaft. Elektronische Inhalte im Sinne dieser Bedingungen sind Daten, die in elektronischer Form erstellt und bereitgestellt werden, insbesondere Computerprogramme, Anwendungen, Spiele, Musik, Videos oder Texte. Kontaktangaben [&hellip;]<\/p>\n","protected":false},"author":1,"featured_media":0,"parent":0,"menu_order":0,"comment_status":"closed","ping_status":"closed","template":"","meta":{"_acf_changed":false,"footnotes":""},"class_list":["post-11288","page","type-page","status-publish","hentry"],"acf":[],"_links":{"self":[{"href":"https:\/\/www.ondrejhalama.sk\/de\/wp-json\/wp\/v2\/pages\/11288","targetHints":{"allow":["GET"]}}],"collection":[{"href":"https:\/\/www.ondrejhalama.sk\/de\/wp-json\/wp\/v2\/pages"}],"about":[{"href":"https:\/\/www.ondrejhalama.sk\/de\/wp-json\/wp\/v2\/types\/page"}],"author":[{"embeddable":true,"href":"https:\/\/www.ondrejhalama.sk\/de\/wp-json\/wp\/v2\/users\/1"}],"replies":[{"embeddable":true,"href":"https:\/\/www.ondrejhalama.sk\/de\/wp-json\/wp\/v2\/comments?post=11288"}],"version-history":[{"count":1,"href":"https:\/\/www.ondrejhalama.sk\/de\/wp-json\/wp\/v2\/pages\/11288\/revisions"}],"predecessor-version":[{"id":11290,"href":"https:\/\/www.ondrejhalama.sk\/de\/wp-json\/wp\/v2\/pages\/11288\/revisions\/11290"}],"wp:attachment":[{"href":"https:\/\/www.ondrejhalama.sk\/de\/wp-json\/wp\/v2\/media?parent=11288"}],"curies":[{"name":"wp","href":"https:\/\/api.w.org\/{rel}","templated":true}]}}