{"id":11308,"date":"2022-04-10T10:46:35","date_gmt":"2022-04-10T08:46:35","guid":{"rendered":"https:\/\/www.ondrejhalama.sk\/kurs-wie-schreibt-man-einen-vertrag-fuer-das-kataster\/"},"modified":"2025-02-10T20:24:34","modified_gmt":"2025-02-10T19:24:34","slug":"kurs-wie-schreibt-man-einen-vertrag-fuer-das-kataster","status":"publish","type":"page","link":"https:\/\/www.ondrejhalama.sk\/de\/kurs-wie-schreibt-man-einen-vertrag-fuer-das-kataster\/","title":{"rendered":"Kurs: Wie schreibt man einen Vertrag f\u00fcr das Kataster?"},"content":{"rendered":"\t\t<div data-elementor-type=\"wp-page\" data-elementor-id=\"11308\" class=\"elementor elementor-11308 elementor-7759\" data-elementor-post-type=\"page\">\n\t\t\t\t\t\t<section class=\"elementor-section elementor-top-section elementor-element elementor-element-2527d78 elementor-section-boxed elementor-section-height-default elementor-section-height-default\" data-id=\"2527d78\" data-element_type=\"section\" data-e-type=\"section\">\n\t\t\t\t\t\t<div class=\"elementor-container elementor-column-gap-default\">\n\t\t\t\t\t<div class=\"elementor-column elementor-col-100 elementor-top-column elementor-element elementor-element-5e01e72\" data-id=\"5e01e72\" data-element_type=\"column\" data-e-type=\"column\">\n\t\t\t<div class=\"elementor-widget-wrap elementor-element-populated\">\n\t\t\t\t\t\t<div class=\"elementor-element elementor-element-05e5292 elementor-widget elementor-widget-heading\" data-id=\"05e5292\" data-element_type=\"widget\" data-e-type=\"widget\" data-widget_type=\"heading.default\">\n\t\t\t\t<div class=\"elementor-widget-container\">\n\t\t\t\t\t<h2 class=\"elementor-heading-title elementor-size-default\">Kurs: Wie schreibt man einen Vertrag f\u00fcr das Kataster?<\/h2>\t\t\t\t<\/div>\n\t\t\t\t<\/div>\n\t\t\t\t<section class=\"elementor-section elementor-inner-section elementor-element elementor-element-bebbb78 elementor-section-boxed elementor-section-height-default elementor-section-height-default\" data-id=\"bebbb78\" data-element_type=\"section\" data-e-type=\"section\">\n\t\t\t\t\t\t<div class=\"elementor-container elementor-column-gap-default\">\n\t\t\t\t\t<div class=\"elementor-column elementor-col-66 elementor-inner-column elementor-element elementor-element-066b3bf\" data-id=\"066b3bf\" data-element_type=\"column\" data-e-type=\"column\">\n\t\t\t<div class=\"elementor-widget-wrap elementor-element-populated\">\n\t\t\t\t\t\t<div class=\"elementor-element elementor-element-755a339 elementor-widget elementor-widget-text-editor\" data-id=\"755a339\" data-element_type=\"widget\" data-e-type=\"widget\" data-widget_type=\"text-editor.default\">\n\t\t\t\t<div class=\"elementor-widget-container\">\n\t\t\t\t\t\t\t\t\t<p>Was werden Sie in dem Kurs lernen?<\/p>\n<p><br><br><br><br><br><br><br>&#8211; was der Vertrag f\u00fcr das Kataster enthalten muss &#8211; welche Fehler in der Praxis am h\u00e4ufigsten vorkommen &#8211; wie man den Vertrag pr\u00fcft &#8211; wie man eine<a href=\"https:\/\/blog.sme.sk\/ondrejhalama\/spolocnost\/kupna-zmluva-na-pozemok-vzor-vysvetlenie\" target=\"_blank\" rel=\"noopener\">Vertrags\u00e4nderung<\/a> vornimmt &#8211; wie man einen Eintragungsvorschlag macht &#8211; welche Art von Vertrag f\u00fcr eine bestimmte Situation zu verwenden ist &#8211; was das Kataster \u00fcber den Vertrag pr\u00fcft &#8211; wer im Kataster \u00fcber den Vertrag entscheidet &#8211; wie man den Vertrag im Kataster eintr\u00e4gt &#8211; Erfahrungen aus der Praxis<\/p>\t\t\t\t\t\t\t\t<\/div>\n\t\t\t\t<\/div>\n\t\t\t\t<div class=\"elementor-element elementor-element-1aa9671 elementor-align-left elementor-widget elementor-widget-button\" data-id=\"1aa9671\" data-element_type=\"widget\" data-e-type=\"widget\" data-widget_type=\"button.default\">\n\t\t\t\t<div class=\"elementor-widget-container\">\n\t\t\t\t\t\t\t\t\t<div class=\"elementor-button-wrapper\">\n\t\t\t\t\t<a class=\"elementor-button elementor-button-link elementor-size-sm\" href=\"#prihlaska\">\n\t\t\t\t\t\t<span class=\"elementor-button-content-wrapper\">\n\t\t\t\t\t\t\t\t\t<span class=\"elementor-button-text\">Melden Sie sich f\u00fcr einen Kurs an<\/span>\n\t\t\t\t\t<\/span>\n\t\t\t\t\t<\/a>\n\t\t\t\t<\/div>\n\t\t\t\t\t\t\t\t<\/div>\n\t\t\t\t<\/div>\n\t\t\t\t\t<\/div>\n\t\t<\/div>\n\t\t\t\t<div class=\"elementor-column elementor-col-33 elementor-inner-column elementor-element elementor-element-cf58cd9\" data-id=\"cf58cd9\" data-element_type=\"column\" data-e-type=\"column\">\n\t\t\t<div class=\"elementor-widget-wrap\">\n\t\t\t\t\t\t\t<\/div>\n\t\t<\/div>\n\t\t\t\t\t<\/div>\n\t\t<\/section>\n\t\t\t\t\t<\/div>\n\t\t<\/div>\n\t\t\t\t\t<\/div>\n\t\t<\/section>\n\t\t\t\t<section class=\"elementor-section elementor-top-section elementor-element elementor-element-27d39db elementor-section-boxed elementor-section-height-default elementor-section-height-default\" data-id=\"27d39db\" data-element_type=\"section\" data-e-type=\"section\">\n\t\t\t\t\t\t<div class=\"elementor-container elementor-column-gap-default\">\n\t\t\t\t\t<div class=\"elementor-column elementor-col-100 elementor-top-column elementor-element elementor-element-983d22e\" data-id=\"983d22e\" data-element_type=\"column\" data-e-type=\"column\">\n\t\t\t<div class=\"elementor-widget-wrap elementor-element-populated\">\n\t\t\t\t\t\t<section class=\"elementor-section elementor-inner-section elementor-element elementor-element-d26e2ce elementor-section-boxed elementor-section-height-default elementor-section-height-default\" data-id=\"d26e2ce\" data-element_type=\"section\" data-e-type=\"section\">\n\t\t\t\t\t\t<div class=\"elementor-container elementor-column-gap-default\">\n\t\t\t\t\t<div class=\"elementor-column elementor-col-50 elementor-inner-column elementor-element elementor-element-2e8baa3\" data-id=\"2e8baa3\" data-element_type=\"column\" data-e-type=\"column\">\n\t\t\t<div class=\"elementor-widget-wrap elementor-element-populated\">\n\t\t\t\t\t\t<div class=\"elementor-element elementor-element-db16c2c elementor-widget elementor-widget-text-editor\" data-id=\"db16c2c\" data-element_type=\"widget\" data-e-type=\"widget\" data-widget_type=\"text-editor.default\">\n\t\t\t\t<div class=\"elementor-widget-container\">\n\t\t\t\t\t\t\t\t\t<div class=\"page\" title=\"Seite 1\"><div class=\"section\"><div class=\"layoutArea\"><div class=\"column\"><p>Trainer:<\/p><p>Mgr. Ondrej Halama &#8211; Rechtsanwalt und Experte f\u00fcr Immobilienkataster, Grundst\u00fccks- und Baurecht. Er hat sieben Jahre lang im Katasteramt gearbeitet und in Katasterverfahren geurteilt. Er ist Autor von Fach- und Bildungsver\u00f6ffentlichungen auf dem Gebiet des Grundst\u00fccks- und Baurechts. Er hat Erfahrung im Immobilienbereich. Er ist derzeit als Rechtsanwalt t\u00e4tig. Ver\u00f6ffentlichte Publikationen: Kommentar zum Katastergesetz (2014, 2021), <a href=\"https:\/\/shop.ondrejhalama.sk\/produkt\/kniha-pozemky-stavby-byty\/\" target=\"_blank\" rel=\"noopener\">Grundst\u00fccke, Geb\u00e4ude, Wohnungen (<\/a> 2019), Kommentar zum Gesetz Nr. 180\/1995 Slg. (2014), Immobilienkataster &#8211; Rechtsprechung mit Kommentar (2021), Grundlagen des Rechts f\u00fcr jedermann (2020).        <\/p><\/div><\/div><\/div><\/div>\t\t\t\t\t\t\t\t<\/div>\n\t\t\t\t<\/div>\n\t\t\t\t\t<\/div>\n\t\t<\/div>\n\t\t\t\t<div class=\"elementor-column elementor-col-50 elementor-inner-column elementor-element elementor-element-574b44c\" data-id=\"574b44c\" data-element_type=\"column\" data-e-type=\"column\">\n\t\t\t<div class=\"elementor-widget-wrap elementor-element-populated\">\n\t\t\t\t\t\t<div class=\"elementor-element elementor-element-c06fb34 elementor-widget elementor-widget-image\" data-id=\"c06fb34\" data-element_type=\"widget\" data-e-type=\"widget\" data-widget_type=\"image.default\">\n\t\t\t\t<div class=\"elementor-widget-container\">\n\t\t\t\t\t\t\t\t\t\t\t\t<figure class=\"wp-caption\">\n\t\t\t\t\t\t\t\t\t\t<img fetchpriority=\"high\" decoding=\"async\" width=\"800\" height=\"640\" src=\"https:\/\/www.ondrejhalama.sk\/wp-content\/uploads\/2022\/04\/kataster-kupna-predajna-zmluva.jpg\" class=\"attachment-large size-large wp-image-10497\" alt=\"-\" srcset=\"https:\/\/www.ondrejhalama.sk\/wp-content\/uploads\/2022\/04\/kataster-kupna-predajna-zmluva.jpg 892w, https:\/\/www.ondrejhalama.sk\/wp-content\/uploads\/2022\/04\/kataster-kupna-predajna-zmluva-300x240.jpg 300w, https:\/\/www.ondrejhalama.sk\/wp-content\/uploads\/2022\/04\/kataster-kupna-predajna-zmluva-600x480.jpg 600w, https:\/\/www.ondrejhalama.sk\/wp-content\/uploads\/2022\/04\/kataster-kupna-predajna-zmluva-768x615.jpg 768w, https:\/\/www.ondrejhalama.sk\/wp-content\/uploads\/2022\/04\/kataster-kupna-predajna-zmluva-441x353.jpg 441w\" sizes=\"(max-width: 800px) 100vw, 800px\" title=\"-\">\t\t\t\t\t\t\t\t\t\t\t<figcaption class=\"widget-image-caption wp-caption-text\"><\/figcaption>\n\t\t\t\t\t\t\t\t\t\t<\/figure>\n\t\t\t\t\t\t\t\t\t<\/div>\n\t\t\t\t<\/div>\n\t\t\t\t\t<\/div>\n\t\t<\/div>\n\t\t\t\t\t<\/div>\n\t\t<\/section>\n\t\t\t\t\t<\/div>\n\t\t<\/div>\n\t\t\t\t\t<\/div>\n\t\t<\/section>\n\t\t\t\t<section class=\"elementor-section elementor-top-section elementor-element elementor-element-bdd28e3 elementor-section-boxed elementor-section-height-default elementor-section-height-default\" data-id=\"bdd28e3\" data-element_type=\"section\" data-e-type=\"section\">\n\t\t\t\t\t\t<div class=\"elementor-container elementor-column-gap-default\">\n\t\t\t\t\t<div class=\"elementor-column elementor-col-100 elementor-top-column elementor-element elementor-element-88895f6\" data-id=\"88895f6\" data-element_type=\"column\" data-e-type=\"column\">\n\t\t\t<div class=\"elementor-widget-wrap elementor-element-populated\">\n\t\t\t\t\t\t<div class=\"elementor-element elementor-element-c96a84d elementor-widget elementor-widget-text-editor\" data-id=\"c96a84d\" data-element_type=\"widget\" data-e-type=\"widget\" data-widget_type=\"text-editor.default\">\n\t\t\t\t<div class=\"elementor-widget-container\">\n\t\t\t\t\t\t\t\t\t<div title=\"Seite 1\">\n<div>\n<div>\n<div>\n<p><u>F\u00fcr wen ist der Kurs gedacht?<\/u><\/p>\n<p>Die Schulung richtet sich an Juristen, Rechtsanw\u00e4lte, Paralegals, Notare, Immobilienmakler, Mitarbeiter von Grundbuch\u00e4mtern, Mediatoren, Immobilieneigent\u00fcmer, Wohnungsbaugenossenschaften und -gemeinschaften, Investorengesellschaften, Banken, Hypothekenspezialisten.<\/p>\n<p><u>Dauer, Anzahl der Teilnehmer, Preis<\/u><\/p>\n<p>Der Kurs dauert 2 x 45 Minuten, maximale Teilnehmerzahl 15, Preis: 50 Euro pro Person (f\u00fcr Kunden k\u00f6nnen wir auch einen ma\u00dfgeschneiderten Kurs je nach Bedarf organisieren) <\/p>\n<p><u>Der n\u00e4chstgelegene Begriff<\/u><\/p>\n<p>&nbsp;Im Moment gibt es keine Fristen, aber<span style=\"color: var( --e-global-color-65addea5 ); font-family: var( --e-global-typography-text-font-family ), Sans-serif; font-weight: var( --e-global-typography-text-font-weight ); letter-spacing: 0px;\">f\u00fcr Interessierte empfehle ich das Buch <a href=\"https:\/\/shop.ondrejhalama.sk\/produkt\/ako-napisat-zmluvu-pre-kataster-prirucka\/\" target=\"_blank\" rel=\"noopener\">How to Write a Contract for the Land Registry<\/a>.<\/span><\/p>\n<p><u>Kontakt<\/u><\/p>\n<p>Bewerbungen und Fragen senden Sie bitte an info(a)ondrejhalama.sk oder an Tel. 0949 602 552, Ihre Bewerbung wird per E-Mail best\u00e4tigt.<\/p>\n<\/div>\n<\/div>\n<\/div>\n<\/div>\t\t\t\t\t\t\t\t<\/div>\n\t\t\t\t<\/div>\n\t\t\t\t<div class=\"elementor-element elementor-element-268ff14 elementor-widget elementor-widget-heading\" data-id=\"268ff14\" data-element_type=\"widget\" data-e-type=\"widget\" id=\"prihlaska\" data-widget_type=\"heading.default\">\n\t\t\t\t<div class=\"elementor-widget-container\">\n\t\t\t\t\t<h2 class=\"elementor-heading-title elementor-size-default\">Wie schreibt man einen Vertrag f\u00fcr das Kataster? - Bewerbung f\u00fcr den Kurs in \u017dilina <\/h2>\t\t\t\t<\/div>\n\t\t\t\t<\/div>\n\t\t\t\t<div class=\"elementor-element elementor-element-ab7872d elementor-button-align-stretch elementor-widget elementor-widget-form\" data-id=\"ab7872d\" data-element_type=\"widget\" data-e-type=\"widget\" data-settings=\"{&quot;step_next_label&quot;:&quot;N\\u00e4chste&quot;,&quot;step_previous_label&quot;:&quot;Vorherige&quot;,&quot;button_width&quot;:&quot;100&quot;,&quot;step_type&quot;:&quot;number_text&quot;,&quot;step_icon_shape&quot;:&quot;circle&quot;}\" data-widget_type=\"form.default\">\n\t\t\t\t<div class=\"elementor-widget-container\">\n\t\t\t\t\t\t\t<form class=\"elementor-form\" method=\"post\" name=\"Neue Form\" aria-label=\"Neue Form\">\n\t\t\t<input type=\"hidden\" name=\"post_id\" value=\"11308\"\/>\n\t\t\t<input type=\"hidden\" name=\"form_id\" value=\"ab7872d\"\/>\n\t\t\t<input type=\"hidden\" name=\"referer_title\" value=\"Kurs: Wie schreibt man einen Vertrag f\u00fcr das Kataster? - Ondrej Halama\" \/>\n\n\t\t\t\t\t\t\t<input type=\"hidden\" name=\"queried_id\" value=\"11308\"\/>\n\t\t\t\n\t\t\t<div class=\"elementor-form-fields-wrapper elementor-labels-above\">\n\t\t\t\t\t\t\t\t<div class=\"elementor-field-type-text elementor-field-group elementor-column elementor-field-group-name elementor-col-100\">\n\t\t\t\t\t\t\t\t\t\t\t\t<label for=\"form-field-name\" class=\"elementor-field-label\">\n\t\t\t\t\t\t\t\tName\t\t\t\t\t\t\t<\/label>\n\t\t\t\t\t\t\t\t\t\t\t\t\t\t<input size=\"1\" type=\"text\" name=\"form_fields[name]\" id=\"form-field-name\" class=\"elementor-field elementor-size-sm  elementor-field-textual\" placeholder=\"Name\">\n\t\t\t\t\t\t\t\t\t\t\t<\/div>\n\t\t\t\t\t\t\t\t<div class=\"elementor-field-type-email elementor-field-group elementor-column elementor-field-group-email elementor-col-100 elementor-field-required\">\n\t\t\t\t\t\t\t\t\t\t\t\t<label for=\"form-field-email\" class=\"elementor-field-label\">\n\t\t\t\t\t\t\t\tE-Mail\t\t\t\t\t\t\t<\/label>\n\t\t\t\t\t\t\t\t\t\t\t\t\t\t<input size=\"1\" type=\"email\" name=\"form_fields[email]\" id=\"form-field-email\" class=\"elementor-field elementor-size-sm  elementor-field-textual\" placeholder=\"E-Mail\" required=\"required\">\n\t\t\t\t\t\t\t\t\t\t\t<\/div>\n\t\t\t\t\t\t\t\t<div class=\"elementor-field-type-text elementor-field-group elementor-column elementor-field-group-message elementor-col-100 elementor-field-required\">\n\t\t\t\t\t\t\t\t\t\t\t\t<label for=\"form-field-message\" class=\"elementor-field-label\">\n\t\t\t\t\t\t\t\tAnzahl der Personen\t\t\t\t\t\t\t<\/label>\n\t\t\t\t\t\t\t\t\t\t\t\t\t\t<input size=\"1\" type=\"text\" name=\"form_fields[message]\" id=\"form-field-message\" class=\"elementor-field elementor-size-sm  elementor-field-textual\" placeholder=\"Anzahl der Personen\" required=\"required\">\n\t\t\t\t\t\t\t\t\t\t\t<\/div>\n\t\t\t\t\t\t\t\t<div class=\"elementor-field-group elementor-column elementor-field-type-submit elementor-col-100 e-form__buttons\">\n\t\t\t\t\t<button class=\"elementor-button elementor-size-sm\" type=\"submit\">\n\t\t\t\t\t\t<span class=\"elementor-button-content-wrapper\">\n\t\t\t\t\t\t\t\t\t\t\t\t\t\t\t\t\t\t\t\t\t\t<span class=\"elementor-button-text\">Senden an<\/span>\n\t\t\t\t\t\t\t\t\t\t\t\t\t<\/span>\n\t\t\t\t\t<\/button>\n\t\t\t\t<\/div>\n\t\t\t<\/div>\n\t\t<\/form>\n\t\t\t\t\t\t<\/div>\n\t\t\t\t<\/div>\n\t\t\t\t\t<\/div>\n\t\t<\/div>\n\t\t\t\t\t<\/div>\n\t\t<\/section>\n\t\t\t\t<\/div>\n\t\t","protected":false},"excerpt":{"rendered":"<p>Was werden Sie in dem Kurs lernen? &#8211; was der Vertrag f\u00fcr das Kataster enthalten muss &#8211; welche Fehler in der Praxis am h\u00e4ufigsten vorkommen &#8211; wie man den Vertrag pr\u00fcft &#8211; wie man eineVertrags\u00e4nderung vornimmt &#8211; wie man einen Eintragungsvorschlag macht &#8211; welche Art von Vertrag f\u00fcr eine bestimmte Situation zu verwenden ist &#8211; [&hellip;]<\/p>\n","protected":false},"author":1,"featured_media":0,"parent":0,"menu_order":0,"comment_status":"closed","ping_status":"closed","template":"elementor_header_footer","meta":{"_acf_changed":false,"footnotes":""},"class_list":["post-11308","page","type-page","status-publish","hentry"],"acf":[],"_links":{"self":[{"href":"https:\/\/www.ondrejhalama.sk\/de\/wp-json\/wp\/v2\/pages\/11308","targetHints":{"allow":["GET"]}}],"collection":[{"href":"https:\/\/www.ondrejhalama.sk\/de\/wp-json\/wp\/v2\/pages"}],"about":[{"href":"https:\/\/www.ondrejhalama.sk\/de\/wp-json\/wp\/v2\/types\/page"}],"author":[{"embeddable":true,"href":"https:\/\/www.ondrejhalama.sk\/de\/wp-json\/wp\/v2\/users\/1"}],"replies":[{"embeddable":true,"href":"https:\/\/www.ondrejhalama.sk\/de\/wp-json\/wp\/v2\/comments?post=11308"}],"version-history":[{"count":1,"href":"https:\/\/www.ondrejhalama.sk\/de\/wp-json\/wp\/v2\/pages\/11308\/revisions"}],"predecessor-version":[{"id":11309,"href":"https:\/\/www.ondrejhalama.sk\/de\/wp-json\/wp\/v2\/pages\/11308\/revisions\/11309"}],"wp:attachment":[{"href":"https:\/\/www.ondrejhalama.sk\/de\/wp-json\/wp\/v2\/media?parent=11308"}],"curies":[{"name":"wp","href":"https:\/\/api.w.org\/{rel}","templated":true}]}}