{"id":8858,"date":"2023-04-29T20:30:09","date_gmt":"2023-04-29T18:30:09","guid":{"rendered":"https:\/\/www.ondrejhalama.sk\/?post_type=product&#038;p=8858"},"modified":"2024-10-04T10:29:44","modified_gmt":"2024-10-04T08:29:44","slug":"zmluva-o-vecnom-bremene-in-rem-vzor-vysvetlivky","status":"publish","type":"product","link":"https:\/\/www.ondrejhalama.sk\/de\/sluzba\/zmluva-o-vecnom-bremene-in-rem-vzor-vysvetlivky\/","title":{"rendered":"Zmluva o vecnom bremene &#8222;in rem&#8220; &#8211; vzor + vysvetlivky"},"content":{"rendered":"<p>Tento vzor je ur\u010den\u00fd pre zriadenie vecn\u00e9ho bremena k jedn\u00e9mu <strong>cel\u00e9mu<\/strong> pozemku, pri\u010dom vecn\u00e9\u00a0 bremeno sa zria\u010fuje v prospech ka\u017edodob\u00e9ho vlastn\u00edka nehnute\u013enosti.<\/p>\n<p>Zak\u00fapen\u00fd\u00a0<strong>vzor obsahuje<\/strong>:<\/p>\n<p>\u2013 vzor zmluvy (vo form\u00e1te .doc),<\/p>\n<p>\u2013 vzor n\u00e1vrhu na vklad<\/p>\n<p>\u2013 vysvetlivky<\/p>\n<p>\u2013 uk\u00e1\u017eku vyplnen\u00e9ho vzoru (s\u00fa\u010das\u0165 vysvetliviek)<\/p>\n<p>Vzor netreba dodato\u010dne upravova\u0165, sta\u010d\u00ed len vyp\u00edsa\u0165 pr\u00e1zdne miesta. S vyplnen\u00edm vzoru v\u00e1m pom\u00f4\u017eu vysvetlivky, ktor\u00e9 s\u00fa ku ka\u017ed\u00e9mu vzoru zasielan\u00e9. Vysvetlivky obsahuj\u00fa uk\u00e1\u017eku spr\u00e1vne vyplnen\u00e9ho vzoru a vysvetlenie ka\u017edej \u010dasti zmluvy a n\u00e1vrhu na vklad.<\/p>\n<p>Nezabudnite si zmluvu pre\u010d\u00edta\u0165 a postupova\u0165 pod\u013ea nej.<\/p>\n<p>Moje vzory zml\u00fav sa sna\u017e\u00edm vypracova\u0165 tak, aby boli pou\u017eite\u013en\u00e9 v \u010do najv\u00e4\u010d\u0161om mno\u017estve pr\u00edpadov a f\u00e9rov\u00e9 vo\u010di ka\u017edej zmluvnej strane. Ned\u00e1 sa v\u0161ak zaru\u010di\u0165, \u017ee vzor sa hod\u00ed na Va\u0161u pr\u00e1vnu situ\u00e1ciu. Pr\u00e1vo je pln\u00e9 v\u00fdnimiek a \u0165a\u017eko nap\u00edsa\u0165 vzor, ktor\u00fd by zoh\u013ead\u0148oval v\u0161etky pr\u00e1vne situ\u00e1cie.<\/p>\n<p>Ak chcete ma\u0165 istotu, \u017ee zmluva je v poriadku, vyu\u017eite mo\u017enos\u0165 vyhotovenia\u00a0<a href=\"https:\/\/www.ondrejhalama.sk\/zmluva-na-mieru\/\">zmluvy na mieru<\/a>. V takomto pr\u00edpade na\u0161a advok\u00e1tska kancel\u00e1ria plne zodpoved\u00e1 za jej spr\u00e1vnos\u0165.<\/p>\n","protected":false},"excerpt":{"rendered":"<p>Tento vzor je ur\u010den\u00fd pre zriadenie vecn\u00e9ho bremena k jedn\u00e9mu cel\u00e9mu pozemku, pri\u010dom vecn\u00e9\u00a0 bremeno sa zria\u010fuje v prospech ka\u017edodob\u00e9ho vlastn\u00edka nehnute\u013enosti. Zak\u00fapen\u00fd\u00a0vzor obsahuje: \u2013 vzor zmluvy (vo form\u00e1te .doc), \u2013 vzor n\u00e1vrhu na vklad \u2013 vysvetlivky \u2013 uk\u00e1\u017eku vyplnen\u00e9ho vzoru (s\u00fa\u010das\u0165 vysvetliviek) Vzor netreba dodato\u010dne upravova\u0165, sta\u010d\u00ed len vyp\u00edsa\u0165 pr\u00e1zdne miesta. S vyplnen\u00edm vzoru [&hellip;]<\/p>\n","protected":false},"author":2,"featured_media":8723,"template":"","meta":{"_acf_changed":false},"product_brand":[],"product_cat":[139,235],"product_tag":[150,149],"class_list":{"0":"post-8858","1":"product","2":"type-product","3":"status-publish","4":"has-post-thumbnail","6":"product_cat-zmluvy-o-vecnom-bremene-a-ine","7":"product_cat-zmluvy-vzory-pre-kataster-2","8":"product_tag-kataster","9":"product_tag-zmluvy","11":"first","12":"instock","13":"downloadable","14":"virtual","15":"purchasable","16":"product-type-simple"},"acf":[],"_links":{"self":[{"href":"https:\/\/www.ondrejhalama.sk\/de\/wp-json\/wp\/v2\/product\/8858","targetHints":{"allow":["GET"]}}],"collection":[{"href":"https:\/\/www.ondrejhalama.sk\/de\/wp-json\/wp\/v2\/product"}],"about":[{"href":"https:\/\/www.ondrejhalama.sk\/de\/wp-json\/wp\/v2\/types\/product"}],"author":[{"embeddable":true,"href":"https:\/\/www.ondrejhalama.sk\/de\/wp-json\/wp\/v2\/users\/2"}],"wp:featuredmedia":[{"embeddable":true,"href":"https:\/\/www.ondrejhalama.sk\/de\/wp-json\/wp\/v2\/media\/8723"}],"wp:attachment":[{"href":"https:\/\/www.ondrejhalama.sk\/de\/wp-json\/wp\/v2\/media?parent=8858"}],"wp:term":[{"taxonomy":"product_brand","embeddable":true,"href":"https:\/\/www.ondrejhalama.sk\/de\/wp-json\/wp\/v2\/product_brand?post=8858"},{"taxonomy":"product_cat","embeddable":true,"href":"https:\/\/www.ondrejhalama.sk\/de\/wp-json\/wp\/v2\/product_cat?post=8858"},{"taxonomy":"product_tag","embeddable":true,"href":"https:\/\/www.ondrejhalama.sk\/de\/wp-json\/wp\/v2\/product_tag?post=8858"}],"curies":[{"name":"wp","href":"https:\/\/api.w.org\/{rel}","templated":true}]}}