{"id":9947,"date":"2024-06-30T09:56:48","date_gmt":"2024-06-30T07:56:48","guid":{"rendered":"https:\/\/www.ondrejhalama.sk\/?post_type=product&#038;p=9947"},"modified":"2024-10-04T10:29:43","modified_gmt":"2024-10-04T08:29:43","slug":"navrh-na-vymaz-zalozneho-prava","status":"publish","type":"product","link":"https:\/\/www.ondrejhalama.sk\/de\/sluzba\/navrh-na-vymaz-zalozneho-prava\/","title":{"rendered":"N\u00e1vrh na v\u00fdmaz z\u00e1lo\u017en\u00e9ho pr\u00e1va (vzor)"},"content":{"rendered":"<p>Z\u00e1lo\u017en\u00e9 pr\u00e1vo m\u00f4\u017ee zanikn\u00fa\u0165 sp\u00f4sobom uveden\u00fdm v \u00a7 151md Ob\u010dianskeho z\u00e1konn\u00edka. N\u00e1sledne mus\u00edme po\u017eiada\u0165 kataster o jeho v\u00fdmaz. Pr\u00e1ve vtedy predklad\u00e1me katastru n\u00e1vrh na v\u00fdmaz z\u00e1lo\u017en\u00e9ho pr\u00e1va, ktor\u00fd mus\u00ed obsahova\u0165 n\u00e1le\u017eitosti pod\u013ea katastr\u00e1lneho z\u00e1kona.<\/p>\n<p>Tento vzor n\u00e1vrhu je pre pr\u00edpady, ke\u010f nastalo vzdanie sa z\u00e1lo\u017en\u00e9ho pr\u00e1va zo strany z\u00e1lo\u017en\u00e9ho verite\u013ea.<\/p>\n<p>Form\u00e1t vzoru: .doc<\/p>\n","protected":false},"excerpt":{"rendered":"<p>Tento vzor n\u00e1vrhu je pre pr\u00edpady, ke\u010f nastalo vzdanie sa z\u00e1lo\u017en\u00e9ho pr\u00e1va zo strany z\u00e1lo\u017en\u00e9ho verite\u013ea.<\/p>\n","protected":false},"author":2,"featured_media":8673,"template":"","meta":{"_acf_changed":false},"product_brand":[],"product_cat":[133],"product_tag":[],"class_list":{"0":"post-9947","1":"product","2":"type-product","3":"status-publish","4":"has-post-thumbnail","6":"product_cat-ziadosti","8":"first","9":"instock","10":"downloadable","11":"shipping-taxable","12":"purchasable","13":"product-type-simple"},"acf":[],"_links":{"self":[{"href":"https:\/\/www.ondrejhalama.sk\/de\/wp-json\/wp\/v2\/product\/9947","targetHints":{"allow":["GET"]}}],"collection":[{"href":"https:\/\/www.ondrejhalama.sk\/de\/wp-json\/wp\/v2\/product"}],"about":[{"href":"https:\/\/www.ondrejhalama.sk\/de\/wp-json\/wp\/v2\/types\/product"}],"author":[{"embeddable":true,"href":"https:\/\/www.ondrejhalama.sk\/de\/wp-json\/wp\/v2\/users\/2"}],"wp:featuredmedia":[{"embeddable":true,"href":"https:\/\/www.ondrejhalama.sk\/de\/wp-json\/wp\/v2\/media\/8673"}],"wp:attachment":[{"href":"https:\/\/www.ondrejhalama.sk\/de\/wp-json\/wp\/v2\/media?parent=9947"}],"wp:term":[{"taxonomy":"product_brand","embeddable":true,"href":"https:\/\/www.ondrejhalama.sk\/de\/wp-json\/wp\/v2\/product_brand?post=9947"},{"taxonomy":"product_cat","embeddable":true,"href":"https:\/\/www.ondrejhalama.sk\/de\/wp-json\/wp\/v2\/product_cat?post=9947"},{"taxonomy":"product_tag","embeddable":true,"href":"https:\/\/www.ondrejhalama.sk\/de\/wp-json\/wp\/v2\/product_tag?post=9947"}],"curies":[{"name":"wp","href":"https:\/\/api.w.org\/{rel}","templated":true}]}}