{"id":9060,"date":"2023-07-17T18:16:04","date_gmt":"2023-07-17T16:16:04","guid":{"rendered":"https:\/\/www.ondrejhalama.sk\/?post_type=product&#038;p=9060"},"modified":"2024-10-04T10:29:44","modified_gmt":"2024-10-04T08:29:44","slug":"navrh-na-opravu-chyby-v-katastralnom-operate-vzor","status":"publish","type":"product","link":"https:\/\/www.ondrejhalama.sk\/en\/sluzba\/navrh-na-opravu-chyby-v-katastralnom-operate-vzor\/","title":{"rendered":"N\u00e1vrh na opravu chyby v katastr\u00e1lnom oper\u00e1te &#8211; vzor"},"content":{"rendered":"<p>N\u00e1vrh na opravu chybn\u00fdch \u00fadajov v katastri pou\u017e\u00edvame najm\u00e4 vtedy, ak zist\u00edme, \u017ee kataster vedie chybn\u00e9 \u00fadaje o na\u0161ich nehnute\u013enostiach. Chyba v katastr\u00e1lnom oper\u00e1te m\u00f4\u017ee spo\u010d\u00edva\u0165 napr\u00edklad v nespr\u00e1vne zakreslenej hranici pozemku, alebo to m\u00f4\u017ee\u00a0 by\u0165 preklep v priezvisku a podobne.<\/p>\n<p>Vzor obsahuje:<\/p>\n<ul>\n<li>vzor n\u00e1vrhu na opravu chyby (form\u00e1t .doc)<\/li>\n<li>uk\u00e1\u017eku vyplnen\u00e9ho n\u00e1vrhu na opravu chyby + vysvetlivky ako n\u00e1vrh vyplni\u0165 (form\u00e1t .pdf)<\/li>\n<\/ul>\n<p>&nbsp;<\/p>\n","protected":false},"excerpt":{"rendered":"<p>Pod\u013ea <a href=\"https:\/\/www.ondrejhalama.sk\/katastralny-zakon-k-1-2-2023\/\">katastr\u00e1lneho z\u00e1kona<\/a>:<\/p>\n<p><em>&#8220;Konanie o oprave chyby je konanie, v ktorom okresn\u00fd \u00farad opravuje chybn\u00e9 \u00fadaje katastra, ktor\u00e9 vznikli jeho vlastnou \u010dinnos\u0165ou alebo \u010dinnos\u0165ou in\u00fdch \u0161t\u00e1tnych org\u00e1nov, not\u00e1rov alebo in\u00fdch os\u00f4b na z\u00e1klade chybn\u00fdch podkladov okresn\u00e9ho \u00faradu. Oprava chyby sa vykon\u00e1 z\u00e1pisom do katastra na z\u00e1klade rozhodnutia o oprave chyby alebo protokolu o oprave chyby.<\/em><\/p>\n<p><em>Okresn\u00fd \u00farad oprav\u00ed<\/em><\/p>\n<p><em>a) \u00fadaje katastra uveden\u00e9 v \u00a7 7, ak s\u00fa v rozpore s rozhodnut\u00edm o povolen\u00ed vkladu, verejnou listinou alebo s inou listinou, na z\u00e1klade ktorej bol vykonan\u00fd z\u00e1pis do katastra; to neplat\u00ed, ak boli \u00fadaje zap\u00edsan\u00e9 pod\u013ea \u00a7 42 ods. 6,<\/em><\/p>\n<p><em>b) chybne zobrazen\u00e9 hranice pozemkov v katastr\u00e1lnej mape alebo v mape ur\u010den\u00e9ho oper\u00e1tu, ak nie s\u00fa v s\u00falade s hranicami vyzna\u010den\u00fdmi v ter\u00e9ne a vyzna\u010denie hran\u00edc v ter\u00e9ne od vykonania origin\u00e1lneho merania nebolo polohovo zmenen\u00e9,<\/em><\/p>\n<p><em>c) \u00fadaj o viacn\u00e1sobnom vlastn\u00edctve, ak s t\u00fdm s\u00fahlasia v\u0161etky osoby zap\u00edsan\u00e9 v katastri ako vlastn\u00edci a in\u00e9 osoby, ktor\u00fdm sved\u010d\u00ed vlastn\u00edcke pr\u00e1vo k tej istej nehnute\u013enosti pod\u013ea verejnej listiny alebo pod\u013ea inej listiny, a nie s\u00fa zap\u00edsan\u00ed v katastri ako vlastn\u00edci tejto nehnute\u013enosti, a nejde o opravu uveden\u00fa v p\u00edsmene a),<\/em><\/p>\n<p><em>d) \u00fadaje zap\u00edsan\u00e9 do katastra v rozpore s \u00a7 36 ods. 2, \u00a7 39 alebo \u00a7 42, ak nedo\u0161lo od z\u00e1pisu do katastra z\u00e1znamom k zmene vlastn\u00edckeho pr\u00e1va,<\/em><\/p>\n<p><em>e) \u00fadaje katastra zap\u00edsan\u00e9 na z\u00e1klade rozhodnutia o schv\u00e1len\u00ed registra obnovenej evidencie pozemkov, ak ich nie je mo\u017en\u00e9 opravi\u0165 v lehote pod\u013ea osobitn\u00e9ho predpisu,17)<\/em><\/p>\n<p><em>f) v\u00fdmeru parcely registra \u201eC\u201c zap\u00edsan\u00fa v liste vlastn\u00edctva, ak nevyhovuje krit\u00e9riu na posudzovanie rozdielov medzi v\u00fdmerou parcely vypo\u010d\u00edtanou zo s\u00faradn\u00edc lomov\u00fdch bodov obvodu parcely a v\u00fdmerou vedenou v s\u00fabore popisn\u00fdch inform\u00e1ci\u00ed,<\/em><\/p>\n<p><em>g) v\u00fdmeru parcely registra \u201eE\u201c.&#8221;<\/em><\/p>\n","protected":false},"author":1,"featured_media":8721,"template":"","meta":{"_acf_changed":false},"product_brand":[],"product_cat":[133,233],"product_tag":[],"class_list":{"0":"post-9060","1":"product","2":"type-product","3":"status-publish","4":"has-post-thumbnail","6":"product_cat-ziadosti","7":"product_cat-nicht-kategorisiert","9":"first","10":"instock","11":"downloadable","12":"shipping-taxable","13":"purchasable","14":"product-type-simple"},"acf":[],"_links":{"self":[{"href":"https:\/\/www.ondrejhalama.sk\/en\/wp-json\/wp\/v2\/product\/9060","targetHints":{"allow":["GET"]}}],"collection":[{"href":"https:\/\/www.ondrejhalama.sk\/en\/wp-json\/wp\/v2\/product"}],"about":[{"href":"https:\/\/www.ondrejhalama.sk\/en\/wp-json\/wp\/v2\/types\/product"}],"author":[{"embeddable":true,"href":"https:\/\/www.ondrejhalama.sk\/en\/wp-json\/wp\/v2\/users\/1"}],"wp:featuredmedia":[{"embeddable":true,"href":"https:\/\/www.ondrejhalama.sk\/en\/wp-json\/wp\/v2\/media\/8721"}],"wp:attachment":[{"href":"https:\/\/www.ondrejhalama.sk\/en\/wp-json\/wp\/v2\/media?parent=9060"}],"wp:term":[{"taxonomy":"product_brand","embeddable":true,"href":"https:\/\/www.ondrejhalama.sk\/en\/wp-json\/wp\/v2\/product_brand?post=9060"},{"taxonomy":"product_cat","embeddable":true,"href":"https:\/\/www.ondrejhalama.sk\/en\/wp-json\/wp\/v2\/product_cat?post=9060"},{"taxonomy":"product_tag","embeddable":true,"href":"https:\/\/www.ondrejhalama.sk\/en\/wp-json\/wp\/v2\/product_tag?post=9060"}],"curies":[{"name":"wp","href":"https:\/\/api.w.org\/{rel}","templated":true}]}}